{"id":25963,"date":"2026-02-15T09:07:33","date_gmt":"2026-02-15T08:07:33","guid":{"rendered":"https:\/\/www.pravaha-massage.de\/?page_id=25963"},"modified":"2026-04-21T18:21:55","modified_gmt":"2026-04-21T16:21:55","slug":"gruppen-workshops","status":"publish","type":"page","link":"https:\/\/www.pravaha-massage.de\/en\/gruppen-workshops\/","title":{"rendered":"Group-Workshops"},"content":{"rendered":"<section class=\"wpb-content-wrapper\"><div   class=\"vc_row wpb_row vc_row-fluid js-master-row  mk-fullwidth-false attched-false\">\n\t<div style=\"\" class=\"vc_col-sm-12 wpb_column column_container\">\n\t\t\t<div  class=\"vc_wp_text wpb_content_element\"><div class=\"widget widget_text\">\t\t\t<div class=\"textwidget\"><\/div>\n\t\t<\/div><\/div><div class=\"mk-text-block responsive-align-center\"><div class=\"clearboth\"><\/div><\/div> <div class=\"clearboth\"><\/div><div class=\"mk-shortcode mk-padding-shortcode\" style=\"height:50px\"><\/div><div class=\"clearboth\"><\/div><div class=\"mk-text-block responsive-align-center\"><h5 style=\"text-align: center;\"><span style=\"font-size: 36pt;\">Workshops<\/span><\/h5>\n<p style=\"text-align: center;\">Hier findest du aktuelle Gruppen-Workshops zu den Themen Energie-Arbeit, Pers\u00f6nlichkeits-Analyse, Kraftorte, K\u00f6rperbewusstseins-Training, Entspannungs-Methoden und Easy-Massage-Techniken der Pravaha Massage M\u00fcnchen.<\/p>\n<div class=\"clearboth\"><\/div><\/div> <div class=\"clearboth\"><\/div><div class=\"mk-shortcode mk-padding-shortcode\" style=\"height:50px\"><\/div><div class=\"clearboth\"><\/div><div class=\"mk-text-block responsive-align-center   mk-animate-element scale-up\"><p style=\"text-align: center;\"><span style=\"font-size: 18pt;\"><strong>\"EXPERIENCE POWER PLACES \/ SACRED SITES\"<br \/>\nFeel \u2013 Recharge \u2013 Sharpen Your Perception<\/strong><\/span><\/p>\n<div class=\"clearboth\"><\/div><\/div> <div class=\"clearboth\"><\/div><div class=\"mk-shortcode mk-padding-shortcode\" style=\"height:30px\"><\/div><div class=\"clearboth\"><\/div><div class=\"mk-image circular-false align-center style1-image   mk-animate-element scale-up\" style=\"max-width: 600px; margin-bottom:11px\" onclick=\"return true\"><img wpfc-lazyload-disable=\"true\" decoding=\"async\" alt=\"Pravaha Massage M\u00fcnchen, Workshops, Kraftorte erleben, sp\u00fcren, auftanken, Wahrnehmung verbessern, Ausflug zu Orten der Kraft, B\u00e4ume und Quellen im Landkreis Ebersberg und Landsberg\" title=\"Pravaha-MAssage-Muenchen-Kraftorte-Workshop\" src=\"https:\/\/www.pravaha-massage.de\/wp-content\/uploads\/2026\/03\/Pravaha-MAssage-Muenchen-Kraftorte-Workshop.jpg\" \/><div class=\"clearboth\"><\/div><\/div><div class=\"clearboth\"><\/div><div class=\"mk-shortcode mk-padding-shortcode\" style=\"height:30px\"><\/div><div class=\"clearboth\"><\/div><div class=\"clearboth\"><\/div><div class=\"mk-shortcode mk-padding-shortcode\" style=\"height:10px\"><\/div><div class=\"clearboth\"><\/div><div class=\"mk-text-block responsive-align-center   mk-animate-element scale-up\"><p style=\"text-align: center;\"><strong>\u2022 mit der Natur verbinden<br \/>\n\u2022 positive Energie aufnehmen<br \/>\n\u2022 feel the grounding effect<br \/>\n\u2022 neue Kraft tanken<br \/>\n\u2022 drink spring water<br \/>\n\u2022 eigene Wahrnehmung trainieren<br \/>\n<\/strong><\/p>\n<p style=\"text-align: center;\"><strong><br \/>\n<\/strong>Erlebe einen Workshop voller Magie und heilsamen Schwingungen. Wir gehen gemeinsam zu Orten der Kraft im Landkreis Ebersberg: ein sehr starker Kraftbaum und zwei Heilquellen. Dort trainieren wir unsere Wahrnehmung und schulen unser Bewusstsein mit praktischen \u00dcbungen \u2013 und sp\u00fcren, wie sich die Erd-Energie auf unseren K\u00f6rper und Geist auswirkt. W\u00e4hrend des Workshops baust du gezielt Stress und Spannungen ab, tankst neue Kraft, erdest dich und verbindest dich mit Mutter Natur.<\/p>\n<p style=\"text-align: center;\">Es gibt viele Orte, die im Netz als Kraftort bezeichnet werden, jedoch sehr negativ wirken. Viele sp\u00fcren, dass an einem Platz viel Energie vorhanden ist, k\u00f6nnen aber die Qualit\u00e4t nicht differenzieren. Ich helfe dir, genau zu sp\u00fcren, wo positive und wo negative Vibes sind. Dadurch kannst du dann selbst\u00e4ndig eigene Kraftpl\u00e4tze finden und entwickelst mehr Vertrauen in deine eigene Wahrnehmung.<\/p>\n<p style=\"text-align: center;\">Freu dich auf einen besonderen Ausflug in die Natur und entdecke magische Orte.\u2764\ufe0f\ud83d\udcab<\/p>\n<p style=\"text-align: center;\">Ich freue mich, wenn du mitmachst.<\/p>\n<div class=\"clearboth\"><\/div><\/div> <div class=\"mk-text-block responsive-align-center   mk-animate-element scale-up\"><p style=\"text-align: center;\"><strong>DATES<\/strong><br \/>\n31. Mai, So (11-15 Uhr)<\/p>\n<p style=\"text-align: center;\">21. Juni, So (11-15 Uhr)<\/p>\n<p style=\"text-align: center;\"><strong>PRICE<br \/>\n<\/strong>60 Euro<\/p>\n<p style=\"text-align: center;\"><strong>LOCATION<br \/>\n<\/strong>Landkreis Ebersberg<\/p>\n<div class=\"clearboth\"><\/div><\/div> <div class=\"clearboth\"><\/div><div class=\"mk-shortcode mk-padding-shortcode\" style=\"height:20px\"><\/div><div class=\"clearboth\"><\/div><div class=\"clearboth\"><\/div><div class=\"mk-shortcode mk-padding-shortcode\" style=\"height:20px\"><\/div><div class=\"clearboth\"><\/div><div class=\"mk-button-align center\"><a href=\"https:\/\/pravaha.simplybook.it\/v2\/#book-class\/category\/3\/count\/1\/\" target=\"_self\"  class=\"mk-button btn-1  mk-animate-element scale-up  outline-button large full_rounded  mk-smooth\"><span>Book now &gt;<\/span><\/a><\/div>\n\n<div class=\"clearboth\"><\/div><div class=\"mk-shortcode mk-padding-shortcode\" style=\"height:30px\"><\/div><div class=\"clearboth\"><\/div><div class=\"clearboth\"><\/div><div class=\"mk-shortcode mk-padding-shortcode\" style=\"height:30px\"><\/div><div class=\"clearboth\"><\/div><div class=\"clearboth\"><\/div><div class=\"mk-shortcode mk-padding-shortcode\" style=\"height:50px\"><\/div><div class=\"clearboth\"><\/div><div class=\"mk-text-block responsive-align-center   mk-animate-element scale-up\"><p style=\"text-align: center;\"><span style=\"font-size: 18pt;\"><strong>\u201eENERGY-WORK\"<br \/>\nCleansing, grounding, healing<\/strong><\/span><\/p>\n<div class=\"clearboth\"><\/div><\/div> <div class=\"clearboth\"><\/div><div class=\"mk-shortcode mk-padding-shortcode\" style=\"height:30px\"><\/div><div class=\"clearboth\"><\/div><div class=\"mk-image circular-false align-center style1-image   mk-animate-element scale-up\" style=\"max-width: 600px; margin-bottom:11px\" onclick=\"return true\"><img wpfc-lazyload-disable=\"true\" decoding=\"async\" alt=\"Workshop: Energie-Arbeit, Reinigung, Erdung, Heilung, Chakren reinigen, Heil-Energie str\u00f6men, Pravaha Massage M\u00fcnchen\" title=\"Energy-Workshop-Pravaha-Massage-M\u00fcnchen\" src=\"https:\/\/www.pravaha-massage.de\/wp-content\/uploads\/2024\/03\/Energy-Workshop-Pravaha-Massage-Munchen.jpg\" \/><div class=\"clearboth\"><\/div><\/div><div class=\"clearboth\"><\/div><div class=\"mk-shortcode mk-padding-shortcode\" style=\"height:30px\"><\/div><div class=\"clearboth\"><\/div><div class=\"mk-text-block responsive-align-center   mk-animate-element scale-up\"><p style=\"text-align: center;\"><strong>\u201eAnyone can transfer healing energy. You too.\u201d<\/strong><\/p>\n<p style=\"text-align: center;\">For over ten years, I have been working energetically and holistically with people, transmitting positive, healing intentions and frequencies with great success. I developed the method intuitively on my own. I would like to show you how easy energetic healing is. \u2600\ufe0f<\/p>\n<p style=\"text-align: center;\">Many people think, \u201cOnly the chosen ones, shamans, or initiates can do that,\u201d or \u201cTo do that, I first have to spend three years in the jungle and renounce everything, meditate in a cave or attend a healing school for five years.\u201d I tell you: \u201cYou don't need a diploma, a certificate, to torture yourself with ascetic exercises or to spend a fortune on healing schools or initiations.\u201d All you need are your two hands, your heart and your higher self. And every human do posess these things.<\/p>\n<p style=\"text-align: center;\">In this workshop, I will show you how you can easily cleanse your chakras and energy bodies every day with a simple affirmation. You will also learn how to energetically cleanse rooms. This will improve the quality of life in your environment and your home in the long term. \ud83d\udcab The core of the workshop is energy work. Here, I will explain a simple method for giving yourself or others divine love and divine light \u2013 as well as strength, peace and healing. \u2764\ufe0f<\/p>\n<p style=\"text-align: center;\">Discover a new side of yourself and connect with your Higher Self \u2013 and let divine energy flow through your hands. \ud83d\ude4c<\/p>\n<p style=\"text-align: center;\">At the end of the workshop, you will receive a detailed script with all crucial information.<br \/>\n\u201eI\u2019m really looking forward to you joining in. \ud83d\ude07\u201c<\/p>\n<div class=\"clearboth\"><\/div><\/div> <div class=\"clearboth\"><\/div><div class=\"mk-shortcode mk-padding-shortcode\" style=\"height:10px\"><\/div><div class=\"clearboth\"><\/div><div class=\"mk-text-block responsive-align-center   mk-animate-element scale-up\"><p style=\"text-align: center;\"><strong>DATES<\/strong><br \/>\n19. April, So (13-17:30 Uhr)<\/p>\n<p style=\"text-align: center;\"><strong>PRICE<br \/>\n<\/strong>60 Euro<\/p>\n<p style=\"text-align: center;\"><strong>LOCATION<br \/>\n<\/strong>Praxis Herzlichtoase in GRAFING<br \/>\n<a href=\"https:\/\/herzlichtoase.de\/\">https:\/\/herzlichtoase.de\/<\/a><\/p>\n<div class=\"clearboth\"><\/div><\/div> <div class=\"clearboth\"><\/div><div class=\"mk-shortcode mk-padding-shortcode\" style=\"height:20px\"><\/div><div class=\"clearboth\"><\/div><div class=\"clearboth\"><\/div><div class=\"mk-shortcode mk-padding-shortcode\" style=\"height:20px\"><\/div><div class=\"clearboth\"><\/div><div class=\"mk-button-align center\"><a href=\"https:\/\/pravaha.simplybook.it\/v2\/#book-class\/category\/3\/count\/1\/\" target=\"_self\"  class=\"mk-button btn-2  mk-animate-element scale-up  outline-button large full_rounded  mk-smooth\"><span>Book now &gt;<\/span><\/a><\/div>\n\n<div class=\"clearboth\"><\/div><div class=\"mk-shortcode mk-padding-shortcode\" style=\"height:30px\"><\/div><div class=\"clearboth\"><\/div><div class=\"clearboth\"><\/div><div class=\"mk-shortcode mk-padding-shortcode\" style=\"height:30px\"><\/div><div class=\"clearboth\"><\/div><div class=\"clearboth\"><\/div><div class=\"mk-shortcode mk-padding-shortcode\" style=\"height:30px\"><\/div><div class=\"clearboth\"><\/div><div class=\"mk-text-block responsive-align-center   mk-animate-element scale-up\"><p style=\"text-align: center;\"><span style=\"font-size: 18pt;\"><strong>&#8222;PARTNER-MASSAGE&#8220;<br \/>\nDeepen the connection, allow heart energy to flow<\/strong><\/span><\/p>\n<div class=\"clearboth\"><\/div><\/div> <div class=\"clearboth\"><\/div><div class=\"mk-shortcode mk-padding-shortcode\" style=\"height:30px\"><\/div><div class=\"clearboth\"><\/div><div class=\"mk-image circular-false align-center style1-image   mk-animate-element scale-up\" style=\"max-width: 600px; margin-bottom:11px\" onclick=\"return true\"><img wpfc-lazyload-disable=\"true\" decoding=\"async\" alt=\"Pravaha Massage M\u00fcnchen, Ayurveda Tiefenentspannung, ganzheitlich erholen, Stress abbauen und neue Kraft tanken.\" title=\"Pravaha-Massage-M\u00fcnchen-Header-2\" src=\"https:\/\/www.pravaha-massage.de\/wp-content\/uploads\/2021\/11\/Pravaha-Massage-Munchen-Header-2.jpg\" \/><div class=\"clearboth\"><\/div><\/div><div class=\"clearboth\"><\/div><div class=\"mk-shortcode mk-padding-shortcode\" style=\"height:30px\"><\/div><div class=\"clearboth\"><\/div><div class=\"mk-text-block responsive-align-center   mk-animate-element scale-up\"><p style=\"text-align: center;\">Everyone loves receiving a massage. Giving one, however, is frequently perceived as effort or work. That\u2019s unfortunate \u2013 because a massage can be profoundly nourishing and energizing for the person giving it too, while deepening the bond with your partner, friends or loved ones. And that\u2019s precisely what you\u2019re going to discover<\/p>\n<p style=\"text-align: center;\"><strong>Massaging is easy and great fun!<\/strong><\/p>\n<p style=\"text-align: center;\">In this workshop, you will practice simple massage techniques for home and on the go, while learning how to let heart energy flow during the massage. A conscious massage in a partnership or among friends can strengthen emotional connection, release tension and stress and bring more lightness into everyday life.<\/p>\n<p style=\"text-align: center;\">But the technique is only the beginning. As you progress through the exercises, you will develop trust in your intuition and establish a deeper connection with yourself and your partner. Because as the saying goes so beautifully:<\/p>\n<p style=\"text-align: center;\"><strong>A massage is 10% technique and 90% Love.<\/strong><\/p>\n<p style=\"text-align: center;\">I'd be happy if you joined in.\ud83d\ude42<\/p>\n<p style=\"text-align: center;\">Important: You can also come to the workshop alone \u2013 you will always find a suitable partner here.<\/p>\n<div class=\"clearboth\"><\/div><\/div> <div class=\"clearboth\"><\/div><div class=\"mk-shortcode mk-padding-shortcode\" style=\"height:10px\"><\/div><div class=\"clearboth\"><\/div><div class=\"mk-text-block responsive-align-center   mk-animate-element scale-up\"><p style=\"text-align: center;\"><strong>DATES<\/strong><br \/>\nno free slots right now<\/p>\n<p style=\"text-align: center;\"><strong>PRICE<br \/>\n<\/strong>65 Euro<\/p>\n<p style=\"text-align: center;\"><strong>LOCATION<br \/>\n<\/strong>Vijnana Yoga Studio (East Station)<\/p>\n<div class=\"clearboth\"><\/div><\/div> <div class=\"clearboth\"><\/div><div class=\"mk-shortcode mk-padding-shortcode\" style=\"height:20px\"><\/div><div class=\"clearboth\"><\/div><div class=\"clearboth\"><\/div><div class=\"mk-shortcode mk-padding-shortcode\" style=\"height:20px\"><\/div><div class=\"clearboth\"><\/div><div class=\"mk-button-align center\"><a href=\"https:\/\/pravaha.simplybook.it\/v2\/#book-class\/service\/35\" target=\"_self\"  class=\"mk-button btn-3  mk-animate-element scale-up  outline-button large full_rounded  mk-smooth\"><span>Book now &gt;<\/span><\/a><\/div>\n\n<div class=\"clearboth\"><\/div><div class=\"mk-shortcode mk-padding-shortcode\" style=\"height:30px\"><\/div><div class=\"clearboth\"><\/div><div class=\"clearboth\"><\/div><div class=\"mk-shortcode mk-padding-shortcode\" style=\"height:40px\"><\/div><div class=\"clearboth\"><\/div>\n\t<\/div><\/div>\n<\/section>","protected":false},"excerpt":{"rendered":"Workshops Hier findest du aktuelle Gruppen-Workshops zu den Themen Energie-Arbeit, Pers\u00f6nlichkeits-Analyse, Kraftorte, K\u00f6rperbewusstseins-Training, Entspannungs-Methoden und Easy-Massage-Techniken der Pravaha Massage M\u00fcnchen. \"KRAFTORTE ERLEBEN\" Sp\u00fcren, auftanken, Wahrnehmung verbessern \u2022 mit der Natur verbinden \u2022 positive Energie aufnehmen \u2022 Erdung sp\u00fcren \u2022 neue Kraft tanken \u2022 Quellwasser trinken \u2022 eigene Wahrnehmung trainieren Erlebe einen Workshop voller Magie und [...]","protected":false},"author":2,"featured_media":0,"parent":0,"menu_order":0,"comment_status":"closed","ping_status":"closed","template":"","meta":{"footnotes":""},"class_list":["post-25963","page","type-page","status-publish","hentry"],"yoast_head":"<!-- This site is optimized with the Yoast SEO plugin v27.4 - https:\/\/yoast.com\/product\/yoast-seo-wordpress\/ -->\n<title>Gruppen-Workshops | Pravaha Massage M\u00fcnchen<\/title>\n<meta name=\"description\" content=\"Lerne neue F\u00e4higkeiten: Partner-Massage, Energie-Arbeit, R\u00e4ume energetisch reinigen, Pers\u00f6nlichkeits-Analyse, Chakra-Harmonisierung.\" \/>\n<meta name=\"robots\" content=\"index, follow, max-snippet:-1, max-image-preview:large, max-video-preview:-1\" \/>\n<link rel=\"canonical\" href=\"https:\/\/www.pravaha-massage.de\/en\/gruppen-workshops\/\" \/>\n<meta property=\"og:locale\" content=\"en_US\" \/>\n<meta property=\"og:type\" content=\"article\" \/>\n<meta property=\"og:title\" content=\"Gruppen-Workshops | Pravaha Massage M\u00fcnchen\" \/>\n<meta property=\"og:description\" content=\"Lerne neue F\u00e4higkeiten: Partner-Massage, Energie-Arbeit, R\u00e4ume energetisch reinigen, Pers\u00f6nlichkeits-Analyse, Chakra-Harmonisierung.\" \/>\n<meta property=\"og:url\" content=\"https:\/\/www.pravaha-massage.de\/en\/gruppen-workshops\/\" \/>\n<meta property=\"og:site_name\" content=\"Pravaha Massage M\u00fcnchen\" \/>\n<meta property=\"article:modified_time\" content=\"2026-04-21T16:21:55+00:00\" \/>\n<meta property=\"og:image\" content=\"https:\/\/www.pravaha-massage.de\/wp-content\/uploads\/2021\/11\/Pravaha-Massage-Munchen-Header-1.jpg\" \/>\n\t<meta property=\"og:image:width\" content=\"1920\" \/>\n\t<meta property=\"og:image:height\" content=\"1080\" \/>\n\t<meta property=\"og:image:type\" content=\"image\/jpeg\" \/>\n<meta name=\"twitter:card\" content=\"summary_large_image\" \/>\n<meta name=\"twitter:label1\" content=\"Est. reading time\" \/>\n\t<meta name=\"twitter:data1\" content=\"5 minutes\" \/>\n<script type=\"application\/ld+json\" class=\"yoast-schema-graph\">{\"@context\":\"https:\\\/\\\/schema.org\",\"@graph\":[{\"@type\":\"WebPage\",\"@id\":\"https:\\\/\\\/www.pravaha-massage.de\\\/gruppen-workshops\\\/\",\"url\":\"https:\\\/\\\/www.pravaha-massage.de\\\/gruppen-workshops\\\/\",\"name\":\"Gruppen-Workshops | Pravaha Massage M\u00fcnchen\",\"isPartOf\":{\"@id\":\"https:\\\/\\\/www.pravaha-massage.de\\\/#website\"},\"datePublished\":\"2026-02-15T08:07:33+00:00\",\"dateModified\":\"2026-04-21T16:21:55+00:00\",\"description\":\"Lerne neue F\u00e4higkeiten: Partner-Massage, Energie-Arbeit, R\u00e4ume energetisch reinigen, Pers\u00f6nlichkeits-Analyse, Chakra-Harmonisierung.\",\"breadcrumb\":{\"@id\":\"https:\\\/\\\/www.pravaha-massage.de\\\/gruppen-workshops\\\/#breadcrumb\"},\"inLanguage\":\"en-US\",\"potentialAction\":[{\"@type\":\"ReadAction\",\"target\":[\"https:\\\/\\\/www.pravaha-massage.de\\\/gruppen-workshops\\\/\"]}]},{\"@type\":\"BreadcrumbList\",\"@id\":\"https:\\\/\\\/www.pravaha-massage.de\\\/gruppen-workshops\\\/#breadcrumb\",\"itemListElement\":[{\"@type\":\"ListItem\",\"position\":1,\"name\":\"Home\",\"item\":\"https:\\\/\\\/www.pravaha-massage.de\\\/\"},{\"@type\":\"ListItem\",\"position\":2,\"name\":\"Gruppen-Workshops\"}]},{\"@type\":\"WebSite\",\"@id\":\"https:\\\/\\\/www.pravaha-massage.de\\\/#website\",\"url\":\"https:\\\/\\\/www.pravaha-massage.de\\\/\",\"name\":\"Pravaha Massage M\u00fcnchen\",\"description\":\"Ayurveda Massage M\u00fcnchen \u2013 Stress abbauen, ganzheitlich erholen: 20 min. Tiefenentsp. wirken wie 4h Schlaf. Termin online buchen &amp; neue Kraft tanken.\",\"publisher\":{\"@id\":\"https:\\\/\\\/www.pravaha-massage.de\\\/#\\\/schema\\\/person\\\/d946eb46ef88e144ff2ab320cd87213b\"},\"potentialAction\":[{\"@type\":\"SearchAction\",\"target\":{\"@type\":\"EntryPoint\",\"urlTemplate\":\"https:\\\/\\\/www.pravaha-massage.de\\\/?s={search_term_string}\"},\"query-input\":{\"@type\":\"PropertyValueSpecification\",\"valueRequired\":true,\"valueName\":\"search_term_string\"}}],\"inLanguage\":\"en-US\"},{\"@type\":[\"Person\",\"Organization\"],\"@id\":\"https:\\\/\\\/www.pravaha-massage.de\\\/#\\\/schema\\\/person\\\/d946eb46ef88e144ff2ab320cd87213b\",\"name\":\"Flavio76\",\"image\":{\"@type\":\"ImageObject\",\"inLanguage\":\"en-US\",\"@id\":\"https:\\\/\\\/www.pravaha-massage.de\\\/wp-content\\\/uploads\\\/2024\\\/10\\\/Flavio-Redlich-Pravaha-Massage-Munchen.jpg\",\"url\":\"https:\\\/\\\/www.pravaha-massage.de\\\/wp-content\\\/uploads\\\/2024\\\/10\\\/Flavio-Redlich-Pravaha-Massage-Munchen.jpg\",\"contentUrl\":\"https:\\\/\\\/www.pravaha-massage.de\\\/wp-content\\\/uploads\\\/2024\\\/10\\\/Flavio-Redlich-Pravaha-Massage-Munchen.jpg\",\"width\":1600,\"height\":1322,\"caption\":\"Flavio76\"},\"logo\":{\"@id\":\"https:\\\/\\\/www.pravaha-massage.de\\\/wp-content\\\/uploads\\\/2024\\\/10\\\/Flavio-Redlich-Pravaha-Massage-Munchen.jpg\"},\"sameAs\":[\"https:\\\/\\\/www.pravaha-massage.de\"]}]}<\/script>\n<!-- \/ Yoast SEO plugin. -->","yoast_head_json":{"title":"Gruppen-Workshops | Pravaha Massage M\u00fcnchen","description":"Lerne neue F\u00e4higkeiten: Partner-Massage, Energie-Arbeit, R\u00e4ume energetisch reinigen, Pers\u00f6nlichkeits-Analyse, Chakra-Harmonisierung.","robots":{"index":"index","follow":"follow","max-snippet":"max-snippet:-1","max-image-preview":"max-image-preview:large","max-video-preview":"max-video-preview:-1"},"canonical":"https:\/\/www.pravaha-massage.de\/en\/gruppen-workshops\/","og_locale":"en_US","og_type":"article","og_title":"Gruppen-Workshops | Pravaha Massage M\u00fcnchen","og_description":"Lerne neue F\u00e4higkeiten: Partner-Massage, Energie-Arbeit, R\u00e4ume energetisch reinigen, Pers\u00f6nlichkeits-Analyse, Chakra-Harmonisierung.","og_url":"https:\/\/www.pravaha-massage.de\/en\/gruppen-workshops\/","og_site_name":"Pravaha Massage M\u00fcnchen","article_modified_time":"2026-04-21T16:21:55+00:00","og_image":[{"width":1920,"height":1080,"url":"https:\/\/www.pravaha-massage.de\/wp-content\/uploads\/2021\/11\/Pravaha-Massage-Munchen-Header-1.jpg","type":"image\/jpeg"}],"twitter_card":"summary_large_image","twitter_misc":{"Est. reading time":"5 minutes"},"schema":{"@context":"https:\/\/schema.org","@graph":[{"@type":"WebPage","@id":"https:\/\/www.pravaha-massage.de\/gruppen-workshops\/","url":"https:\/\/www.pravaha-massage.de\/gruppen-workshops\/","name":"Gruppen-Workshops | Pravaha Massage M\u00fcnchen","isPartOf":{"@id":"https:\/\/www.pravaha-massage.de\/#website"},"datePublished":"2026-02-15T08:07:33+00:00","dateModified":"2026-04-21T16:21:55+00:00","description":"Lerne neue F\u00e4higkeiten: Partner-Massage, Energie-Arbeit, R\u00e4ume energetisch reinigen, Pers\u00f6nlichkeits-Analyse, Chakra-Harmonisierung.","breadcrumb":{"@id":"https:\/\/www.pravaha-massage.de\/gruppen-workshops\/#breadcrumb"},"inLanguage":"en-US","potentialAction":[{"@type":"ReadAction","target":["https:\/\/www.pravaha-massage.de\/gruppen-workshops\/"]}]},{"@type":"BreadcrumbList","@id":"https:\/\/www.pravaha-massage.de\/gruppen-workshops\/#breadcrumb","itemListElement":[{"@type":"ListItem","position":1,"name":"Home","item":"https:\/\/www.pravaha-massage.de\/"},{"@type":"ListItem","position":2,"name":"Gruppen-Workshops"}]},{"@type":"WebSite","@id":"https:\/\/www.pravaha-massage.de\/#website","url":"https:\/\/www.pravaha-massage.de\/","name":"Pravaha Massage M\u00fcnchen","description":"Ayurveda Massage M\u00fcnchen \u2013 Stress abbauen, ganzheitlich erholen: 20 min. Tiefenentsp. wirken wie 4h Schlaf. Termin online buchen &amp; neue Kraft tanken.","publisher":{"@id":"https:\/\/www.pravaha-massage.de\/#\/schema\/person\/d946eb46ef88e144ff2ab320cd87213b"},"potentialAction":[{"@type":"SearchAction","target":{"@type":"EntryPoint","urlTemplate":"https:\/\/www.pravaha-massage.de\/?s={search_term_string}"},"query-input":{"@type":"PropertyValueSpecification","valueRequired":true,"valueName":"search_term_string"}}],"inLanguage":"en-US"},{"@type":["Person","Organization"],"@id":"https:\/\/www.pravaha-massage.de\/#\/schema\/person\/d946eb46ef88e144ff2ab320cd87213b","name":"Flavio76","image":{"@type":"ImageObject","inLanguage":"en-US","@id":"https:\/\/www.pravaha-massage.de\/wp-content\/uploads\/2024\/10\/Flavio-Redlich-Pravaha-Massage-Munchen.jpg","url":"https:\/\/www.pravaha-massage.de\/wp-content\/uploads\/2024\/10\/Flavio-Redlich-Pravaha-Massage-Munchen.jpg","contentUrl":"https:\/\/www.pravaha-massage.de\/wp-content\/uploads\/2024\/10\/Flavio-Redlich-Pravaha-Massage-Munchen.jpg","width":1600,"height":1322,"caption":"Flavio76"},"logo":{"@id":"https:\/\/www.pravaha-massage.de\/wp-content\/uploads\/2024\/10\/Flavio-Redlich-Pravaha-Massage-Munchen.jpg"},"sameAs":["https:\/\/www.pravaha-massage.de"]}]}},"_links":{"self":[{"href":"https:\/\/www.pravaha-massage.de\/en\/wp-json\/wp\/v2\/pages\/25963","targetHints":{"allow":["GET"]}}],"collection":[{"href":"https:\/\/www.pravaha-massage.de\/en\/wp-json\/wp\/v2\/pages"}],"about":[{"href":"https:\/\/www.pravaha-massage.de\/en\/wp-json\/wp\/v2\/types\/page"}],"author":[{"embeddable":true,"href":"https:\/\/www.pravaha-massage.de\/en\/wp-json\/wp\/v2\/users\/2"}],"replies":[{"embeddable":true,"href":"https:\/\/www.pravaha-massage.de\/en\/wp-json\/wp\/v2\/comments?post=25963"}],"version-history":[{"count":14,"href":"https:\/\/www.pravaha-massage.de\/en\/wp-json\/wp\/v2\/pages\/25963\/revisions"}],"predecessor-version":[{"id":26186,"href":"https:\/\/www.pravaha-massage.de\/en\/wp-json\/wp\/v2\/pages\/25963\/revisions\/26186"}],"wp:attachment":[{"href":"https:\/\/www.pravaha-massage.de\/en\/wp-json\/wp\/v2\/media?parent=25963"}],"curies":[{"name":"wp","href":"https:\/\/api.w.org\/{rel}","templated":true}]}}