{"id":23434,"date":"2015-05-01T08:09:23","date_gmt":"2015-05-01T06:09:23","guid":{"rendered":"http:\/\/pravaha-massage.de\/?page_id=23434"},"modified":"2026-02-15T10:49:34","modified_gmt":"2026-02-15T09:49:34","slug":"studenten-angebote","status":"publish","type":"page","link":"https:\/\/www.pravaha-massage.de\/en\/studenten-angebote\/","title":{"rendered":"Student-Offers"},"content":{"rendered":"<section class=\"wpb-content-wrapper\"><div class=\"clearboth\"><\/div><\/div><\/div><\/div><div   data-intro-effect=\"false\" class=\"page-section-1  expandable-false fullwidth-false section-expandable-false full-height-false  mk-video-holder mk-page-section parallax-false\" data-direction=\"vertical\"><div class=\"bg-layer clip\"><div  class=\"mk-video-color-mask\"><\/div><div class=\"scroll-layer\" style=\"\"  css-attach=\"scroll\" data-attach=\"scroll\"><\/div><\/div><div class=\"mk-grid vc_row-fluid page-section-content expandable-false\"><div class=\"mk-padding-wrapper\">\n\t<div style=\"\" class=\"vc_col-sm-2 wpb_column column_container\">\n\t\t\t\n\t<\/div>\n\t<div style=\"\" class=\"vc_col-sm-8 wpb_column column_container\">\n\t\t\t<div class=\"mk-text-block responsive-align-center\"><h1 style=\"text-align: center;\">Pass exams like a champ<\/h1>\n<div class=\"clearboth\"><\/div><\/div> <div class=\"clearboth\"><\/div><div class=\"mk-shortcode mk-padding-shortcode\" style=\"height:20px\"><\/div><div class=\"clearboth\"><\/div><div class=\"mk-text-block responsive-align-center   mk-animate-element scale-up\"><p style=\"text-align: center;\">Stress-level is through the roof: your head has been spinning for days, your nerves are frayed, you're having trouble sleeping and next week is exam or project deadline?<\/p>\n<p style=\"text-align: center;\">Now there are two options:<\/p>\n<div class=\"clearboth\"><\/div><\/div> <div class=\"clearboth\"><\/div><div class=\"mk-shortcode mk-padding-shortcode\" style=\"height:40px\"><\/div><div class=\"clearboth\"><\/div><div class=\"mk-image circular-false align-center style1-image   mk-animate-element scale-up\" style=\"max-width: 800px; margin-bottom:10px\" onclick=\"return true\"><img wpfc-lazyload-disable=\"true\" decoding=\"async\" alt=\"\" title=\"Student-Offers\" src=\"https:\/\/www.pravaha-massage.de\/wp-content\/uploads\/bfi_thumb\/ayurveda-massage-muenchen-studenten-angebot-ow1c2u84s5l70jaivux1xptb92cyiybdons0k55xqo.jpg\" \/><div class=\"clearboth\"><\/div><\/div><div class=\"clearboth\"><\/div><div class=\"mk-shortcode mk-padding-shortcode\" style=\"height:60px\"><\/div><div class=\"clearboth\"><\/div><div class=\"mk-text-block responsive-align-center   mk-animate-element scale-up\"><h2 style=\"text-align: center;\">Student-Offers<\/h2>\n<div class=\"clearboth\"><\/div><\/div> <div class=\"mk-text-block responsive-align-center   mk-animate-element scale-up\"><p style=\"text-align: center;\"><strong>Deep-Relaxation-Massage<br \/>\n<\/strong>30 min. = 40 \u20ac (Normal-Price 60 \u20ac)<br \/>\n45 min. = 60 \u20ac<strong>\u00a0<\/strong>(Normal-Price 90 \u20ac)<br \/>\n60 min. = 80 \u20ac (Normal-Price 120 \u20ac)<\/p>\n<div class=\"clearboth\"><\/div><\/div> <div class=\"clearboth\"><\/div><div class=\"mk-shortcode mk-padding-shortcode\" style=\"height:20px\"><\/div><div class=\"clearboth\"><\/div><div class=\"mk-text-block responsive-align-center   mk-animate-element scale-up\"><p style=\"text-align: center;\">The listed offers from <em>Pravaha Massage M\u00fcnchen<\/em>\u00a0help you alleviate stress symptoms such as migraines, insomnia and chronic tension in the long run. With a single session, or ideally regular deep relaxation sessions, you can gradually reduce performance pressure and symptoms of overload and recharge your batteries.<\/p>\n<p style=\"text-align: center;\">Give your nerves a break and then start your everyday student life again with renewed energy. I wish you lots of fun and success  and look forward to greet you in my practice.<\/p>\n<div class=\"clearboth\"><\/div><\/div> <div class=\"clearboth\"><\/div><div class=\"mk-shortcode mk-padding-shortcode\" style=\"height:20px\"><\/div><div class=\"clearboth\"><\/div><div class=\"mk-button-align center\"><a href=\"https:\/\/pravaha.simplybook.it\/v2\/\" target=\"_blank\"  class=\"mk-button btn-2  mk-animate-element scale-up  outline-button medium full_rounded\"><span>Make an appointment &gt;<\/span><\/a><\/div>\n\n<div class=\"clearboth\"><\/div><div class=\"mk-shortcode mk-padding-shortcode\" style=\"height:70px\"><\/div><div class=\"clearboth\"><\/div><div class=\"mk-image circular-false align-center style1-image   mk-animate-element scale-up\" style=\"max-width: 200px; margin-bottom:10px\" onclick=\"return true\"><img wpfc-lazyload-disable=\"true\" decoding=\"async\" alt=\"\" title=\"Student-Offers\" src=\"https:\/\/www.pravaha-massage.de\/wp-content\/uploads\/2015\/05\/ayurveda-massage-muenchen-flavio-redlich.jpg\" \/><div class=\"clearboth\"><\/div><\/div><div class=\"clearboth\"><\/div><div class=\"mk-shortcode mk-padding-shortcode\" style=\"height:20px\"><\/div><div class=\"clearboth\"><\/div><div class=\"mk-text-block responsive-align-center   mk-animate-element scale-up\"><p style=\"text-align: center;\"><strong>Flavio Redlich<\/strong><br \/>\n<em>Therapeutical Massagist &amp; Bodyworker<\/em><\/p>\n<p style=\"text-align: center;\">Holistic Ayurveda Deep Relaxation<br \/>\nPravaha Massage M\u00fcnchen<\/p>\n<div class=\"clearboth\"><\/div><\/div> <div class=\"clearboth\"><\/div><div class=\"mk-shortcode mk-padding-shortcode\" style=\"height:20px\"><\/div><div class=\"clearboth\"><\/div>\n\t<\/div>\n\t<div style=\"\" class=\"vc_col-sm-2 wpb_column column_container\">\n\t\t\t\n\t<\/div><\/div><div class=\"clearboth\"><\/div><\/div><div class=\"clearboth\"><\/div><\/div><div class=\"mk-main-wrapper-holder\"><div class=\"theme-page-wrapper full-layout mk-grid vc_row-fluid no-padding\"><div class=\"theme-content no-padding\">\n<\/section><\/section><\/section>","protected":false},"excerpt":{"rendered":"Stressfrei durch die Pr\u00fcfungszeit Dein Kopf raucht seit Tagen, deine Nerven liegen blank, du hast Schlafst\u00f6rungen und n\u00e4chste Woche ist Pr\u00fcfung bzw. Abgabetermin? Jetzt gibt\u2019s zwei M\u00f6glichkeiten: Studenten-Angebote Tiefenentspannungsmassage 30 min. = 40 \u20ac (statt 60 \u20ac) 45 min. = 60 \u20ac\u00a0(statt 90 \u20ac) 60 min. = 80 \u20ac (statt 120 \u20ac) Die aufgef\u00fchrten Angebote [...]","protected":false},"author":2,"featured_media":0,"parent":0,"menu_order":0,"comment_status":"open","ping_status":"open","template":"","meta":{"footnotes":""},"class_list":["post-23434","page","type-page","status-publish","hentry"],"yoast_head":"<!-- This site is optimized with the Yoast SEO plugin v27.4 - https:\/\/yoast.com\/product\/yoast-seo-wordpress\/ -->\n<title>Studenten-Angebote | Pravaha Massage M\u00fcnchen<\/title>\n<meta name=\"description\" content=\"G\u00f6nn dir eine Auszeit \u2013 mit Ayurveda Tiefenentspannung. Rabatte f\u00fcr Studenten und Auszubildende: einfach mal abschalten und auftanken.\" \/>\n<meta name=\"robots\" content=\"index, follow, max-snippet:-1, max-image-preview:large, max-video-preview:-1\" \/>\n<link rel=\"canonical\" href=\"https:\/\/www.pravaha-massage.de\/en\/studenten-angebote\/\" \/>\n<meta property=\"og:locale\" content=\"en_US\" \/>\n<meta property=\"og:type\" content=\"article\" \/>\n<meta property=\"og:title\" content=\"Studenten-Angebote | Pravaha Massage M\u00fcnchen\" \/>\n<meta property=\"og:description\" content=\"G\u00f6nn dir eine Auszeit \u2013 mit Ayurveda Tiefenentspannung. Rabatte f\u00fcr Studenten und Auszubildende: einfach mal abschalten und auftanken.\" \/>\n<meta property=\"og:url\" content=\"https:\/\/www.pravaha-massage.de\/en\/studenten-angebote\/\" \/>\n<meta property=\"og:site_name\" content=\"Pravaha Massage M\u00fcnchen\" \/>\n<meta property=\"article:modified_time\" content=\"2026-02-15T09:49:34+00:00\" \/>\n<meta property=\"og:image\" content=\"https:\/\/www.pravaha-massage.de\/wp-content\/uploads\/2021\/11\/Pravaha-Massage-Munchen-Header-1.jpg\" \/>\n\t<meta property=\"og:image:width\" content=\"1920\" \/>\n\t<meta property=\"og:image:height\" content=\"1080\" \/>\n\t<meta property=\"og:image:type\" content=\"image\/jpeg\" \/>\n<meta name=\"twitter:card\" content=\"summary_large_image\" \/>\n<meta name=\"twitter:label1\" content=\"Est. reading time\" \/>\n\t<meta name=\"twitter:data1\" content=\"2 minutes\" \/>\n<script type=\"application\/ld+json\" class=\"yoast-schema-graph\">{\"@context\":\"https:\\\/\\\/schema.org\",\"@graph\":[{\"@type\":\"WebPage\",\"@id\":\"https:\\\/\\\/www.pravaha-massage.de\\\/studenten-angebote\\\/\",\"url\":\"https:\\\/\\\/www.pravaha-massage.de\\\/studenten-angebote\\\/\",\"name\":\"Studenten-Angebote | Pravaha Massage M\u00fcnchen\",\"isPartOf\":{\"@id\":\"https:\\\/\\\/www.pravaha-massage.de\\\/#website\"},\"datePublished\":\"2015-05-01T06:09:23+00:00\",\"dateModified\":\"2026-02-15T09:49:34+00:00\",\"description\":\"G\u00f6nn dir eine Auszeit \u2013 mit Ayurveda Tiefenentspannung. Rabatte f\u00fcr Studenten und Auszubildende: einfach mal abschalten und auftanken.\",\"breadcrumb\":{\"@id\":\"https:\\\/\\\/www.pravaha-massage.de\\\/studenten-angebote\\\/#breadcrumb\"},\"inLanguage\":\"en-US\",\"potentialAction\":[{\"@type\":\"ReadAction\",\"target\":[\"https:\\\/\\\/www.pravaha-massage.de\\\/studenten-angebote\\\/\"]}]},{\"@type\":\"BreadcrumbList\",\"@id\":\"https:\\\/\\\/www.pravaha-massage.de\\\/studenten-angebote\\\/#breadcrumb\",\"itemListElement\":[{\"@type\":\"ListItem\",\"position\":1,\"name\":\"Home\",\"item\":\"https:\\\/\\\/www.pravaha-massage.de\\\/\"},{\"@type\":\"ListItem\",\"position\":2,\"name\":\"Studenten-Angebote\"}]},{\"@type\":\"WebSite\",\"@id\":\"https:\\\/\\\/www.pravaha-massage.de\\\/#website\",\"url\":\"https:\\\/\\\/www.pravaha-massage.de\\\/\",\"name\":\"Pravaha Massage M\u00fcnchen\",\"description\":\"Ayurveda Massage M\u00fcnchen \u2013 Stress abbauen, ganzheitlich erholen: 20 min. Tiefenentsp. wirken wie 4h Schlaf. Termin online buchen &amp; neue Kraft tanken.\",\"publisher\":{\"@id\":\"https:\\\/\\\/www.pravaha-massage.de\\\/#\\\/schema\\\/person\\\/d946eb46ef88e144ff2ab320cd87213b\"},\"potentialAction\":[{\"@type\":\"SearchAction\",\"target\":{\"@type\":\"EntryPoint\",\"urlTemplate\":\"https:\\\/\\\/www.pravaha-massage.de\\\/?s={search_term_string}\"},\"query-input\":{\"@type\":\"PropertyValueSpecification\",\"valueRequired\":true,\"valueName\":\"search_term_string\"}}],\"inLanguage\":\"en-US\"},{\"@type\":[\"Person\",\"Organization\"],\"@id\":\"https:\\\/\\\/www.pravaha-massage.de\\\/#\\\/schema\\\/person\\\/d946eb46ef88e144ff2ab320cd87213b\",\"name\":\"Flavio76\",\"image\":{\"@type\":\"ImageObject\",\"inLanguage\":\"en-US\",\"@id\":\"https:\\\/\\\/www.pravaha-massage.de\\\/wp-content\\\/uploads\\\/2024\\\/10\\\/Flavio-Redlich-Pravaha-Massage-Munchen.jpg\",\"url\":\"https:\\\/\\\/www.pravaha-massage.de\\\/wp-content\\\/uploads\\\/2024\\\/10\\\/Flavio-Redlich-Pravaha-Massage-Munchen.jpg\",\"contentUrl\":\"https:\\\/\\\/www.pravaha-massage.de\\\/wp-content\\\/uploads\\\/2024\\\/10\\\/Flavio-Redlich-Pravaha-Massage-Munchen.jpg\",\"width\":1600,\"height\":1322,\"caption\":\"Flavio76\"},\"logo\":{\"@id\":\"https:\\\/\\\/www.pravaha-massage.de\\\/wp-content\\\/uploads\\\/2024\\\/10\\\/Flavio-Redlich-Pravaha-Massage-Munchen.jpg\"},\"sameAs\":[\"https:\\\/\\\/www.pravaha-massage.de\"]}]}<\/script>\n<!-- \/ Yoast SEO plugin. -->","yoast_head_json":{"title":"Studenten-Angebote | Pravaha Massage M\u00fcnchen","description":"G\u00f6nn dir eine Auszeit \u2013 mit Ayurveda Tiefenentspannung. Rabatte f\u00fcr Studenten und Auszubildende: einfach mal abschalten und auftanken.","robots":{"index":"index","follow":"follow","max-snippet":"max-snippet:-1","max-image-preview":"max-image-preview:large","max-video-preview":"max-video-preview:-1"},"canonical":"https:\/\/www.pravaha-massage.de\/en\/studenten-angebote\/","og_locale":"en_US","og_type":"article","og_title":"Studenten-Angebote | Pravaha Massage M\u00fcnchen","og_description":"G\u00f6nn dir eine Auszeit \u2013 mit Ayurveda Tiefenentspannung. Rabatte f\u00fcr Studenten und Auszubildende: einfach mal abschalten und auftanken.","og_url":"https:\/\/www.pravaha-massage.de\/en\/studenten-angebote\/","og_site_name":"Pravaha Massage M\u00fcnchen","article_modified_time":"2026-02-15T09:49:34+00:00","og_image":[{"width":1920,"height":1080,"url":"https:\/\/www.pravaha-massage.de\/wp-content\/uploads\/2021\/11\/Pravaha-Massage-Munchen-Header-1.jpg","type":"image\/jpeg"}],"twitter_card":"summary_large_image","twitter_misc":{"Est. reading time":"2 minutes"},"schema":{"@context":"https:\/\/schema.org","@graph":[{"@type":"WebPage","@id":"https:\/\/www.pravaha-massage.de\/studenten-angebote\/","url":"https:\/\/www.pravaha-massage.de\/studenten-angebote\/","name":"Studenten-Angebote | Pravaha Massage M\u00fcnchen","isPartOf":{"@id":"https:\/\/www.pravaha-massage.de\/#website"},"datePublished":"2015-05-01T06:09:23+00:00","dateModified":"2026-02-15T09:49:34+00:00","description":"G\u00f6nn dir eine Auszeit \u2013 mit Ayurveda Tiefenentspannung. Rabatte f\u00fcr Studenten und Auszubildende: einfach mal abschalten und auftanken.","breadcrumb":{"@id":"https:\/\/www.pravaha-massage.de\/studenten-angebote\/#breadcrumb"},"inLanguage":"en-US","potentialAction":[{"@type":"ReadAction","target":["https:\/\/www.pravaha-massage.de\/studenten-angebote\/"]}]},{"@type":"BreadcrumbList","@id":"https:\/\/www.pravaha-massage.de\/studenten-angebote\/#breadcrumb","itemListElement":[{"@type":"ListItem","position":1,"name":"Home","item":"https:\/\/www.pravaha-massage.de\/"},{"@type":"ListItem","position":2,"name":"Studenten-Angebote"}]},{"@type":"WebSite","@id":"https:\/\/www.pravaha-massage.de\/#website","url":"https:\/\/www.pravaha-massage.de\/","name":"Pravaha Massage M\u00fcnchen","description":"Ayurveda Massage M\u00fcnchen \u2013 Stress abbauen, ganzheitlich erholen: 20 min. Tiefenentsp. wirken wie 4h Schlaf. Termin online buchen &amp; neue Kraft tanken.","publisher":{"@id":"https:\/\/www.pravaha-massage.de\/#\/schema\/person\/d946eb46ef88e144ff2ab320cd87213b"},"potentialAction":[{"@type":"SearchAction","target":{"@type":"EntryPoint","urlTemplate":"https:\/\/www.pravaha-massage.de\/?s={search_term_string}"},"query-input":{"@type":"PropertyValueSpecification","valueRequired":true,"valueName":"search_term_string"}}],"inLanguage":"en-US"},{"@type":["Person","Organization"],"@id":"https:\/\/www.pravaha-massage.de\/#\/schema\/person\/d946eb46ef88e144ff2ab320cd87213b","name":"Flavio76","image":{"@type":"ImageObject","inLanguage":"en-US","@id":"https:\/\/www.pravaha-massage.de\/wp-content\/uploads\/2024\/10\/Flavio-Redlich-Pravaha-Massage-Munchen.jpg","url":"https:\/\/www.pravaha-massage.de\/wp-content\/uploads\/2024\/10\/Flavio-Redlich-Pravaha-Massage-Munchen.jpg","contentUrl":"https:\/\/www.pravaha-massage.de\/wp-content\/uploads\/2024\/10\/Flavio-Redlich-Pravaha-Massage-Munchen.jpg","width":1600,"height":1322,"caption":"Flavio76"},"logo":{"@id":"https:\/\/www.pravaha-massage.de\/wp-content\/uploads\/2024\/10\/Flavio-Redlich-Pravaha-Massage-Munchen.jpg"},"sameAs":["https:\/\/www.pravaha-massage.de"]}]}},"_links":{"self":[{"href":"https:\/\/www.pravaha-massage.de\/en\/wp-json\/wp\/v2\/pages\/23434","targetHints":{"allow":["GET"]}}],"collection":[{"href":"https:\/\/www.pravaha-massage.de\/en\/wp-json\/wp\/v2\/pages"}],"about":[{"href":"https:\/\/www.pravaha-massage.de\/en\/wp-json\/wp\/v2\/types\/page"}],"author":[{"embeddable":true,"href":"https:\/\/www.pravaha-massage.de\/en\/wp-json\/wp\/v2\/users\/2"}],"replies":[{"embeddable":true,"href":"https:\/\/www.pravaha-massage.de\/en\/wp-json\/wp\/v2\/comments?post=23434"}],"version-history":[{"count":0,"href":"https:\/\/www.pravaha-massage.de\/en\/wp-json\/wp\/v2\/pages\/23434\/revisions"}],"wp:attachment":[{"href":"https:\/\/www.pravaha-massage.de\/en\/wp-json\/wp\/v2\/media?parent=23434"}],"curies":[{"name":"wp","href":"https:\/\/api.w.org\/{rel}","templated":true}]}}