{"id":23111,"date":"2014-12-18T11:50:08","date_gmt":"2014-12-18T10:50:08","guid":{"rendered":"http:\/\/pravaha-massage.de\/?page_id=23111"},"modified":"2026-02-15T10:02:31","modified_gmt":"2026-02-15T09:02:31","slug":"reviews","status":"publish","type":"page","link":"https:\/\/www.pravaha-massage.de\/en\/reviews\/","title":{"rendered":"Reviews"},"content":{"rendered":"<section class=\"wpb-content-wrapper\"><div class=\"clearboth\"><\/div><\/div><\/div><\/div><div   data-intro-effect=\"false\" class=\"page-section-1  expandable-false fullwidth-false section-expandable-false full-height-false  mk-video-holder mk-page-section parallax-false  \" data-direction=\"vertical\"><div class=\"bg-layer clip\"><div  class=\"mk-video-color-mask\"><\/div><div class=\"scroll-layer \" style=\"\"  css-attach=\"scroll\" data-attach=\"scroll\"><\/div><\/div><div class=\"mk-grid vc_row-fluid page-section-content expandable-false\"><div class=\"mk-padding-wrapper\">\n\t<div style=\"\" class=\"vc_col-sm-3 wpb_column column_container \">\n\t\t\t\n\t<\/div>\n\t<div style=\"\" class=\"vc_col-sm-6 wpb_column column_container \">\n\t\t\t<div class=\"clearboth\"><\/div><div class=\"mk-shortcode mk-padding-shortcode \" style=\"height:30px\"><\/div><div class=\"clearboth\"><\/div><h3  style=\"font-size: 14px;text-align:left;line-height:24px;letter-spacing:0px;color: #393836;font-weight:inherit;margin-bottom:10px; margin-top:10px; \" id=\"fancy-title-2\" class=\"mk-fancy-title responsive-align-center simple-title left-align   \"><span class=\"fancy-title-span pointed\" >\n<h1 style=\"text-align: center;\">Kundenbewertungen<\/h1>\n<\/span><\/h3><div class=\"mk-text-block responsive-align-center  \"><p style=\"text-align: center;\">Hier findest du alle Rezensionen f\u00fcr die<br \/>\n<em>Pravaha Massage M\u00fcnchen<\/em> im \u00dcberblick.<\/p>\n<div class=\"clearboth\"><\/div><\/div> <div class=\"clearboth\"><\/div><div class=\"mk-shortcode mk-padding-shortcode \" style=\"height:60px\"><\/div><div class=\"clearboth\"><\/div><div class=\"mk-text-block responsive-align-center  \"><div data-wpcr3-content=\"-1\"><div class='wpcr3_respond_1 ' data-ajaxurl='[\"https:||www\",\"pravaha-massage\",\"de|wp-admin|admin-ajax\",\"php?action=wpcr3-ajax\"]' data-on-postid='23111'data-postid='-1'><div class=\"wpcr3_reviews_holder\"><div class=\"wpcr3_review_item\"><div class=\"wpcr3_item wpcr3_business\" itemscope itemtype=\"https:\/\/schema.org\/LocalBusiness\"><meta itemprop=\"name\" content=\"Pravaha Massage M\u00fcnchen. Ayurveda Tiefenentspannung.\" \/><meta itemprop=\"url\" content=\"https:\/\/www.pravaha-massage.de\/en\" \/><meta itemprop=\"image\" content=\"https:\/\/www.pravaha-massage.de\/wp-content\/plugins\/wp-customer-reviews\/css\/1x1.png\" \/><div class=\"wpcr3_hide\" itemprop=\"address\" itemscope itemtype=\"https:\/\/schema.org\/PostalAddress\"><meta itemprop=\"streetAddress\"content=\"Sternwartstr. 12\" \/><meta itemprop=\"addressLocality\" content=\"M\u00fcnchen\" \/><meta itemprop=\"addressRegion\" content=\"BV\" \/><meta itemprop=\"postalCode\" content=\"81679\" \/><\/div><div class=\"wpcr3_dotline\"><\/div><div id=\"wpcr3_id_25930\" class=\"wpcr3_review\" itemprop=\"review\" itemscope itemtype=\"https:\/\/schema.org\/Review\"><div class=\"wpcr3_hide\" itemprop=\"author\" itemscope itemtype=\"https:\/\/schema.org\/Person\"><div itemprop=\"name\">Ani<\/div><\/div><div class=\"wpcr3_hide\" itemprop=\"reviewRating\" itemscope itemtype=\"https:\/\/schema.org\/Rating\"><meta itemprop=\"bestRating\" content=\"5\" \/><meta itemprop=\"worstRating\" content=\"1\" \/><meta itemprop=\"ratingValue\" content=\"5\" \/><\/div><div class=\"wpcr3_review_ratingValue\"><div class=\"wpcr3_rating_style1\"><div class=\"wpcr3_rating_style1_base \"><div class=\"wpcr3_rating_style1_average\" style=\"width:100%;\"><\/div><\/div><\/div><\/div><div class=\"wpcr3_review_datePublished\" itemprop=\"datePublished\">Feb 11, 2026<\/div><div class=\"wpcr3_review_author\">&nbsp;by&nbsp;<span class=\"wpcr3_caps\">Ani<\/span>&nbsp;on&nbsp;<span class=\"wpcr3_item_name\"><a href=\"https:\/\/www.pravaha-massage.de\/en\/\">Pravaha Massage M\u00fcnchen. Ayurveda Tiefenentspannung.<\/a><\/span><\/div><div class=\"wpcr3_clear\"><\/div><div class=\"wpcr3_review_title wpcr3_caps\">Wundervolle Erfahrung<\/div><div class=\"wpcr3_clear\"><\/div><blockquote class=\"wpcr3_content\" itemprop=\"reviewBody\"><p>Vielen Dank f\u00fcr diese spirituell heilende Massage! Die Pravaha-Massage war eine tolle Erfahrung. Ich habe mich sehr wohl gef\u00fchlt und habe den Energiefluss sofort sp\u00fcren k\u00f6nnen. Ich werde auf jeden Fall wieder einen Termin vereinbaren.<\/p><\/blockquote><\/div><\/div><\/div><div class=\"wpcr3_review_item\"><div class=\"wpcr3_item wpcr3_business\" itemscope itemtype=\"https:\/\/schema.org\/LocalBusiness\"><meta itemprop=\"name\" content=\"Pravaha Massage M\u00fcnchen. Ayurveda Tiefenentspannung.\" \/><meta itemprop=\"url\" content=\"https:\/\/www.pravaha-massage.de\/en\" \/><meta itemprop=\"image\" content=\"https:\/\/www.pravaha-massage.de\/wp-content\/plugins\/wp-customer-reviews\/css\/1x1.png\" \/><div class=\"wpcr3_hide\" itemprop=\"address\" itemscope itemtype=\"https:\/\/schema.org\/PostalAddress\"><meta itemprop=\"streetAddress\"content=\"Sternwartstr. 12\" \/><meta itemprop=\"addressLocality\" content=\"M\u00fcnchen\" \/><meta itemprop=\"addressRegion\" content=\"BV\" \/><meta itemprop=\"postalCode\" content=\"81679\" \/><\/div><div class=\"wpcr3_dotline\"><\/div><div id=\"wpcr3_id_25929\" class=\"wpcr3_review\" itemprop=\"review\" itemscope itemtype=\"https:\/\/schema.org\/Review\"><div class=\"wpcr3_hide\" itemprop=\"author\" itemscope itemtype=\"https:\/\/schema.org\/Person\"><div itemprop=\"name\">Raphaela<\/div><\/div><div class=\"wpcr3_hide\" itemprop=\"reviewRating\" itemscope itemtype=\"https:\/\/schema.org\/Rating\"><meta itemprop=\"bestRating\" content=\"5\" \/><meta itemprop=\"worstRating\" content=\"1\" \/><meta itemprop=\"ratingValue\" content=\"5\" \/><\/div><div class=\"wpcr3_review_ratingValue\"><div class=\"wpcr3_rating_style1\"><div class=\"wpcr3_rating_style1_base \"><div class=\"wpcr3_rating_style1_average\" style=\"width:100%;\"><\/div><\/div><\/div><\/div><div class=\"wpcr3_review_datePublished\" itemprop=\"datePublished\">Feb 11, 2026<\/div><div class=\"wpcr3_review_author\">&nbsp;by&nbsp;<span class=\"wpcr3_caps\">Raphaela<\/span>&nbsp;on&nbsp;<span class=\"wpcr3_item_name\"><a href=\"https:\/\/www.pravaha-massage.de\/en\/\">Pravaha Massage M\u00fcnchen. Ayurveda Tiefenentspannung.<\/a><\/span><\/div><div class=\"wpcr3_clear\"><\/div><div class=\"wpcr3_review_title wpcr3_caps\">Magisch<\/div><div class=\"wpcr3_clear\"><\/div><blockquote class=\"wpcr3_content\" itemprop=\"reviewBody\"><p>Endlich habe ich eine Massage Praxis gefunden, die mich pers\u00f6nlich und individuell in meiner Essenz ber\u00fchrt.<br \/>Ich habe eine \u201eIntuitive Massage\u201c bei Flavio gew\u00e4hlt und es war ein gro\u00dfes Erlebnis f\u00fcr mich. Flavio ist Intuition in Person, hat einfach magische H\u00e4nde, kann sich hervorragend mit dir synchronisieren. Ich f\u00fchlte mich liebevoll und achtsam ber\u00fchrt. Er sp\u00fcrt haargenau, wo deine Blockaden sind und wie sie zu l\u00f6sen sind. Dazu ist er sehr herzlich, geduldig und ausgeglichen. Lieber Flavio, vielen Dank! Es hat mir sehr geholfen und ich habe sehr viel von Dir gelernt. Ein gro\u00dfes Lob und Respekt f\u00fcr deine Arbeit!?<\/p><\/blockquote><\/div><\/div><\/div><div class=\"wpcr3_review_item\"><div class=\"wpcr3_item wpcr3_business\" itemscope itemtype=\"https:\/\/schema.org\/LocalBusiness\"><meta itemprop=\"name\" content=\"Pravaha Massage M\u00fcnchen. Ayurveda Tiefenentspannung.\" \/><meta itemprop=\"url\" content=\"https:\/\/www.pravaha-massage.de\/en\" \/><meta itemprop=\"image\" content=\"https:\/\/www.pravaha-massage.de\/wp-content\/plugins\/wp-customer-reviews\/css\/1x1.png\" \/><div class=\"wpcr3_hide\" itemprop=\"address\" itemscope itemtype=\"https:\/\/schema.org\/PostalAddress\"><meta itemprop=\"streetAddress\"content=\"Sternwartstr. 12\" \/><meta itemprop=\"addressLocality\" content=\"M\u00fcnchen\" \/><meta itemprop=\"addressRegion\" content=\"BV\" \/><meta itemprop=\"postalCode\" content=\"81679\" \/><\/div><div class=\"wpcr3_dotline\"><\/div><div id=\"wpcr3_id_25928\" class=\"wpcr3_review\" itemprop=\"review\" itemscope itemtype=\"https:\/\/schema.org\/Review\"><div class=\"wpcr3_hide\" itemprop=\"author\" itemscope itemtype=\"https:\/\/schema.org\/Person\"><div itemprop=\"name\">Tom Kern<\/div><\/div><div class=\"wpcr3_hide\" itemprop=\"reviewRating\" itemscope itemtype=\"https:\/\/schema.org\/Rating\"><meta itemprop=\"bestRating\" content=\"5\" \/><meta itemprop=\"worstRating\" content=\"1\" \/><meta itemprop=\"ratingValue\" content=\"5\" \/><\/div><div class=\"wpcr3_review_ratingValue\"><div class=\"wpcr3_rating_style1\"><div class=\"wpcr3_rating_style1_base \"><div class=\"wpcr3_rating_style1_average\" style=\"width:100%;\"><\/div><\/div><\/div><\/div><div class=\"wpcr3_review_datePublished\" itemprop=\"datePublished\">Dec 7, 2019<\/div><div class=\"wpcr3_review_author\">&nbsp;by&nbsp;<span class=\"wpcr3_caps\">Tom Kern<\/span>&nbsp;on&nbsp;<span class=\"wpcr3_item_name\"><a href=\"https:\/\/www.pravaha-massage.de\/en\/\">Pravaha Massage M\u00fcnchen. Ayurveda Tiefenentspannung.<\/a><\/span><\/div><div class=\"wpcr3_clear\"><\/div><div class=\"wpcr3_review_title wpcr3_caps\">Nachhaltiges Energie-Erlebnis<\/div><div class=\"wpcr3_clear\"><\/div><blockquote class=\"wpcr3_content\" itemprop=\"reviewBody\"><p>Ich war zum ersten Mal bei Flavio, da mich das Angebot irgendwie angesprochen hat. Ich hatte eine Energy-Session, die mich tief ber\u00fchrt hat. Innerhalb von Minuten war ich in diesem angenehmen Zustand der Tiefenentspannung und habe regelrecht gesp\u00fcrt, wie ich neue Kraft tanke und meine Zellen sich regenerieren. Auch das Vor- und Nachgespr\u00e4ch habe ich als sehr angenehm, professionell, empathisch und informativ erlebt. Ich werde definitiv wieder kommen und kann Flavio und sein Angebot uneingeschr\u00e4nkt empfehlen!<\/p><\/blockquote><\/div><\/div><\/div><div class=\"wpcr3_review_item\"><div class=\"wpcr3_item wpcr3_business\" itemscope itemtype=\"https:\/\/schema.org\/LocalBusiness\"><meta itemprop=\"name\" content=\"Pravaha Massage M\u00fcnchen. Ayurveda Tiefenentspannung.\" \/><meta itemprop=\"url\" content=\"https:\/\/www.pravaha-massage.de\/en\" \/><meta itemprop=\"image\" content=\"https:\/\/www.pravaha-massage.de\/wp-content\/plugins\/wp-customer-reviews\/css\/1x1.png\" \/><div class=\"wpcr3_hide\" itemprop=\"address\" itemscope itemtype=\"https:\/\/schema.org\/PostalAddress\"><meta itemprop=\"streetAddress\"content=\"Sternwartstr. 12\" \/><meta itemprop=\"addressLocality\" content=\"M\u00fcnchen\" \/><meta itemprop=\"addressRegion\" content=\"BV\" \/><meta itemprop=\"postalCode\" content=\"81679\" \/><\/div><div class=\"wpcr3_dotline\"><\/div><div id=\"wpcr3_id_25927\" class=\"wpcr3_review\" itemprop=\"review\" itemscope itemtype=\"https:\/\/schema.org\/Review\"><div class=\"wpcr3_hide\" itemprop=\"author\" itemscope itemtype=\"https:\/\/schema.org\/Person\"><div itemprop=\"name\">Johanna Schmid<\/div><\/div><div class=\"wpcr3_hide\" itemprop=\"reviewRating\" itemscope itemtype=\"https:\/\/schema.org\/Rating\"><meta itemprop=\"bestRating\" content=\"5\" \/><meta itemprop=\"worstRating\" content=\"1\" \/><meta itemprop=\"ratingValue\" content=\"5\" \/><\/div><div class=\"wpcr3_review_ratingValue\"><div class=\"wpcr3_rating_style1\"><div class=\"wpcr3_rating_style1_base \"><div class=\"wpcr3_rating_style1_average\" style=\"width:100%;\"><\/div><\/div><\/div><\/div><div class=\"wpcr3_review_datePublished\" itemprop=\"datePublished\">May 22, 2019<\/div><div class=\"wpcr3_review_author\">&nbsp;by&nbsp;<span class=\"wpcr3_caps\">Johanna Schmid<\/span>&nbsp;on&nbsp;<span class=\"wpcr3_item_name\"><a href=\"https:\/\/www.pravaha-massage.de\/en\/\">Pravaha Massage M\u00fcnchen. Ayurveda Tiefenentspannung.<\/a><\/span><\/div><div class=\"wpcr3_clear\"><\/div><div class=\"wpcr3_review_title wpcr3_caps\">Ber\u00fchrung=Wirkung<\/div><div class=\"wpcr3_clear\"><\/div><blockquote class=\"wpcr3_content\" itemprop=\"reviewBody\"><p>Ich danke von ganzem Herzen f\u00fcr die \"ber\u00fchrenden\" Ber\u00fchrungen!! Auch daf\u00fcr, dass die K\u00f6rperarbeit bis in die verschiedensten Ebenen des Daseins wirken darf und auch tut.<br \/><br \/>Dies alles geschieht in einer sehr Dankbaren, Dem\u00fctigen &amp; Unaufgeregten Haltung deinerseits!! <br \/><br \/>Absolut ganz und gar empfehlenswerte Massage!!! Und immer wieder sehr gerne \ud83d\ude42<\/p><\/blockquote><\/div><\/div><\/div><div class=\"wpcr3_review_item\"><div class=\"wpcr3_item wpcr3_business\" itemscope itemtype=\"https:\/\/schema.org\/LocalBusiness\"><meta itemprop=\"name\" content=\"Pravaha Massage M\u00fcnchen. Ayurveda Tiefenentspannung.\" \/><meta itemprop=\"url\" content=\"https:\/\/www.pravaha-massage.de\/en\" \/><meta itemprop=\"image\" content=\"https:\/\/www.pravaha-massage.de\/wp-content\/plugins\/wp-customer-reviews\/css\/1x1.png\" \/><div class=\"wpcr3_hide\" itemprop=\"address\" itemscope itemtype=\"https:\/\/schema.org\/PostalAddress\"><meta itemprop=\"streetAddress\"content=\"Sternwartstr. 12\" \/><meta itemprop=\"addressLocality\" content=\"M\u00fcnchen\" \/><meta itemprop=\"addressRegion\" content=\"BV\" \/><meta itemprop=\"postalCode\" content=\"81679\" \/><\/div><div class=\"wpcr3_dotline\"><\/div><div id=\"wpcr3_id_25926\" class=\"wpcr3_review\" itemprop=\"review\" itemscope itemtype=\"https:\/\/schema.org\/Review\"><div class=\"wpcr3_hide\" itemprop=\"author\" itemscope itemtype=\"https:\/\/schema.org\/Person\"><div itemprop=\"name\">Nicole<\/div><\/div><div class=\"wpcr3_hide\" itemprop=\"reviewRating\" itemscope itemtype=\"https:\/\/schema.org\/Rating\"><meta itemprop=\"bestRating\" content=\"5\" \/><meta itemprop=\"worstRating\" content=\"1\" \/><meta itemprop=\"ratingValue\" content=\"5\" \/><\/div><div class=\"wpcr3_review_ratingValue\"><div class=\"wpcr3_rating_style1\"><div class=\"wpcr3_rating_style1_base \"><div class=\"wpcr3_rating_style1_average\" style=\"width:100%;\"><\/div><\/div><\/div><\/div><div class=\"wpcr3_review_datePublished\" itemprop=\"datePublished\">Jan 16, 2019<\/div><div class=\"wpcr3_review_author\">&nbsp;by&nbsp;<span class=\"wpcr3_caps\">Nicole<\/span>&nbsp;on&nbsp;<span class=\"wpcr3_item_name\"><a href=\"https:\/\/www.pravaha-massage.de\/en\/\">Pravaha Massage M\u00fcnchen. Ayurveda Tiefenentspannung.<\/a><\/span><\/div><div class=\"wpcr3_clear\"><\/div><div class=\"wpcr3_review_title wpcr3_caps\">Beste Massage!<\/div><div class=\"wpcr3_clear\"><\/div><blockquote class=\"wpcr3_content\" itemprop=\"reviewBody\"><p>Ich habe mich bei Flavio unglablich wohl gef\u00fchlt, er massiert mit sehr viel Einf\u00fchlsmakeit, was f\u00fcr mich in der besten Massage meine Lebens resultiert hat! Habe den positiven Effekt sofort gesp\u00fcrt! <br \/><br \/>Auf jeden Fall komme ich wieder! <br \/><br \/>Danke Flavio!<\/p><\/blockquote><\/div><\/div><\/div><\/div><div data-page-opts=\"{&quot;postid&quot;:-1,&quot;num&quot;:5,&quot;paginate&quot;:1,&quot;perpage&quot;:5,&quot;hidecustom&quot;:0,&quot;snippet&quot;:0,&quot;more&quot;:&quot;&quot;,&quot;showform&quot;:0,&quot;hidereviews&quot;:0,&quot;hideresponse&quot;:0,&quot;morelink&quot;:&quot;&quot;,&quot;showsupport&quot;:0,&quot;wrapper&quot;:1,&quot;classes&quot;:&quot;&quot;,&quot;on_postid&quot;:23111,&quot;ajax&quot;:0,&quot;thispage&quot;:1}\" class=\"wpcr3_pagination\"><div class=\"wpcr3_pagination_page\">Page 1 of 7: <\/div><div data-page=\"1\" class=\"wpcr3_a wpcr3_disabled\">&laquo;<\/div>&nbsp;<div data-page=\"1\" class=\"wpcr3_a wpcr3_ls wpcr3_disabled\">&lsaquo;<\/div>&nbsp;<div data-page=\"1\" class=\"wpcr3_a wpcr3_current\">1<\/div><div data-page=\"2\" class=\"wpcr3_a \">2<\/div><div data-page=\"3\" class=\"wpcr3_a \">3<\/div><div data-page=\"2\" class=\"wpcr3_a wpcr3_rs \">&rsaquo;<\/div>&nbsp;<div data-page=\"7\" class=\"wpcr3_a \">&raquo;<\/div>&nbsp;<\/div><div class=\"wpcr3_clear\"><\/div><\/div><\/div>\n<div class=\"clearboth\"><\/div><\/div> \n\t<\/div>\n\t<div style=\"\" class=\"vc_col-sm-3 wpb_column column_container \">\n\t\t\t\n\t<\/div><\/div><div class=\"clearboth\"><\/div><\/div><div class=\"clearboth\"><\/div><\/div><div class=\"mk-main-wrapper-holder\"><div class=\"theme-page-wrapper full-layout mk-grid vc_row-fluid no-padding\"><div class=\"theme-content no-padding\">\n<\/section>","protected":false},"excerpt":{"rendered":"Kundenbewertungen Hier findest du alle Rezensionen f\u00fcr die Pravaha Massage M\u00fcnchen im \u00dcberblick. AniFeb 11, 2026&nbsp;by&nbsp;Ani&nbsp;on&nbsp;Pravaha Massage M\u00fcnchen. Ayurveda Tiefenentspannung.Wundervolle ErfahrungVielen Dank f\u00fcr diese spirituell heilende Massage! Die Pravaha-Massage war eine tolle Erfahrung. Ich habe mich sehr wohl gef\u00fchlt und habe den Energiefluss sofort sp\u00fcren k\u00f6nnen. Ich werde auf jeden Fall wieder einen Termin vereinbaren.RaphaelaFeb [...]","protected":false},"author":2,"featured_media":0,"parent":0,"menu_order":0,"comment_status":"open","ping_status":"open","template":"","meta":{"footnotes":""},"class_list":["post-23111","page","type-page","status-publish","hentry"],"yoast_head":"<!-- This site is optimized with the Yoast SEO plugin v27.4 - https:\/\/yoast.com\/product\/yoast-seo-wordpress\/ -->\n<title>Reviews | Pravaha Massage M\u00fcnchen<\/title>\n<meta name=\"description\" content=\"Stressabbau, ganzheitliche Erholung &amp; Trauma-Arbeit \u2013 mit Ayurveda Tiefenentspannung. Alle Reviews im Blick. Erfahre, was andere begeistert.\" \/>\n<meta name=\"robots\" content=\"index, follow, max-snippet:-1, max-image-preview:large, max-video-preview:-1\" \/>\n<link rel=\"canonical\" href=\"https:\/\/www.pravaha-massage.de\/en\/reviews\/\" \/>\n<meta property=\"og:locale\" content=\"en_US\" \/>\n<meta property=\"og:type\" content=\"article\" \/>\n<meta property=\"og:title\" content=\"Reviews | Pravaha Massage M\u00fcnchen\" \/>\n<meta property=\"og:description\" content=\"Stressabbau, ganzheitliche Erholung &amp; Trauma-Arbeit \u2013 mit Ayurveda Tiefenentspannung. Alle Reviews im Blick. Erfahre, was andere begeistert.\" \/>\n<meta property=\"og:url\" content=\"https:\/\/www.pravaha-massage.de\/en\/reviews\/\" \/>\n<meta property=\"og:site_name\" content=\"Pravaha Massage M\u00fcnchen\" \/>\n<meta property=\"article:modified_time\" content=\"2026-02-15T09:02:31+00:00\" \/>\n<meta property=\"og:image\" content=\"https:\/\/www.pravaha-massage.de\/wp-content\/uploads\/2021\/11\/Pravaha-Massage-Munchen-Header-1.jpg\" \/>\n\t<meta property=\"og:image:width\" content=\"1920\" \/>\n\t<meta property=\"og:image:height\" content=\"1080\" \/>\n\t<meta property=\"og:image:type\" content=\"image\/jpeg\" \/>\n<meta name=\"twitter:card\" content=\"summary_large_image\" \/>\n<meta name=\"twitter:label1\" content=\"Est. reading time\" \/>\n\t<meta name=\"twitter:data1\" content=\"1 minute\" \/>\n<script type=\"application\/ld+json\" class=\"yoast-schema-graph\">{\"@context\":\"https:\\\/\\\/schema.org\",\"@graph\":[{\"@type\":\"WebPage\",\"@id\":\"https:\\\/\\\/www.pravaha-massage.de\\\/reviews\\\/\",\"url\":\"https:\\\/\\\/www.pravaha-massage.de\\\/reviews\\\/\",\"name\":\"Reviews | Pravaha Massage M\u00fcnchen\",\"isPartOf\":{\"@id\":\"https:\\\/\\\/www.pravaha-massage.de\\\/#website\"},\"datePublished\":\"2014-12-18T10:50:08+00:00\",\"dateModified\":\"2026-02-15T09:02:31+00:00\",\"description\":\"Stressabbau, ganzheitliche Erholung & Trauma-Arbeit \u2013 mit Ayurveda Tiefenentspannung. Alle Reviews im Blick. Erfahre, was andere begeistert.\",\"breadcrumb\":{\"@id\":\"https:\\\/\\\/www.pravaha-massage.de\\\/reviews\\\/#breadcrumb\"},\"inLanguage\":\"en-US\",\"potentialAction\":[{\"@type\":\"ReadAction\",\"target\":[\"https:\\\/\\\/www.pravaha-massage.de\\\/reviews\\\/\"]}]},{\"@type\":\"BreadcrumbList\",\"@id\":\"https:\\\/\\\/www.pravaha-massage.de\\\/reviews\\\/#breadcrumb\",\"itemListElement\":[{\"@type\":\"ListItem\",\"position\":1,\"name\":\"Home\",\"item\":\"https:\\\/\\\/www.pravaha-massage.de\\\/\"},{\"@type\":\"ListItem\",\"position\":2,\"name\":\"Reviews\"}]},{\"@type\":\"WebSite\",\"@id\":\"https:\\\/\\\/www.pravaha-massage.de\\\/#website\",\"url\":\"https:\\\/\\\/www.pravaha-massage.de\\\/\",\"name\":\"Pravaha Massage M\u00fcnchen\",\"description\":\"Ayurveda Massage M\u00fcnchen \u2013 Stress abbauen, ganzheitlich erholen: 20 min. Tiefenentsp. wirken wie 4h Schlaf. Termin online buchen &amp; neue Kraft tanken.\",\"publisher\":{\"@id\":\"https:\\\/\\\/www.pravaha-massage.de\\\/#\\\/schema\\\/person\\\/d946eb46ef88e144ff2ab320cd87213b\"},\"potentialAction\":[{\"@type\":\"SearchAction\",\"target\":{\"@type\":\"EntryPoint\",\"urlTemplate\":\"https:\\\/\\\/www.pravaha-massage.de\\\/?s={search_term_string}\"},\"query-input\":{\"@type\":\"PropertyValueSpecification\",\"valueRequired\":true,\"valueName\":\"search_term_string\"}}],\"inLanguage\":\"en-US\"},{\"@type\":[\"Person\",\"Organization\"],\"@id\":\"https:\\\/\\\/www.pravaha-massage.de\\\/#\\\/schema\\\/person\\\/d946eb46ef88e144ff2ab320cd87213b\",\"name\":\"Flavio76\",\"image\":{\"@type\":\"ImageObject\",\"inLanguage\":\"en-US\",\"@id\":\"https:\\\/\\\/www.pravaha-massage.de\\\/wp-content\\\/uploads\\\/2024\\\/10\\\/Flavio-Redlich-Pravaha-Massage-Munchen.jpg\",\"url\":\"https:\\\/\\\/www.pravaha-massage.de\\\/wp-content\\\/uploads\\\/2024\\\/10\\\/Flavio-Redlich-Pravaha-Massage-Munchen.jpg\",\"contentUrl\":\"https:\\\/\\\/www.pravaha-massage.de\\\/wp-content\\\/uploads\\\/2024\\\/10\\\/Flavio-Redlich-Pravaha-Massage-Munchen.jpg\",\"width\":1600,\"height\":1322,\"caption\":\"Flavio76\"},\"logo\":{\"@id\":\"https:\\\/\\\/www.pravaha-massage.de\\\/wp-content\\\/uploads\\\/2024\\\/10\\\/Flavio-Redlich-Pravaha-Massage-Munchen.jpg\"},\"sameAs\":[\"https:\\\/\\\/www.pravaha-massage.de\"]}]}<\/script>\n<!-- \/ Yoast SEO plugin. -->","yoast_head_json":{"title":"Reviews | Pravaha Massage M\u00fcnchen","description":"Stressabbau, ganzheitliche Erholung & Trauma-Arbeit \u2013 mit Ayurveda Tiefenentspannung. Alle Reviews im Blick. Erfahre, was andere begeistert.","robots":{"index":"index","follow":"follow","max-snippet":"max-snippet:-1","max-image-preview":"max-image-preview:large","max-video-preview":"max-video-preview:-1"},"canonical":"https:\/\/www.pravaha-massage.de\/en\/reviews\/","og_locale":"en_US","og_type":"article","og_title":"Reviews | Pravaha Massage M\u00fcnchen","og_description":"Stressabbau, ganzheitliche Erholung & Trauma-Arbeit \u2013 mit Ayurveda Tiefenentspannung. Alle Reviews im Blick. Erfahre, was andere begeistert.","og_url":"https:\/\/www.pravaha-massage.de\/en\/reviews\/","og_site_name":"Pravaha Massage M\u00fcnchen","article_modified_time":"2026-02-15T09:02:31+00:00","og_image":[{"width":1920,"height":1080,"url":"https:\/\/www.pravaha-massage.de\/wp-content\/uploads\/2021\/11\/Pravaha-Massage-Munchen-Header-1.jpg","type":"image\/jpeg"}],"twitter_card":"summary_large_image","twitter_misc":{"Est. reading time":"1 minute"},"schema":{"@context":"https:\/\/schema.org","@graph":[{"@type":"WebPage","@id":"https:\/\/www.pravaha-massage.de\/reviews\/","url":"https:\/\/www.pravaha-massage.de\/reviews\/","name":"Reviews | Pravaha Massage M\u00fcnchen","isPartOf":{"@id":"https:\/\/www.pravaha-massage.de\/#website"},"datePublished":"2014-12-18T10:50:08+00:00","dateModified":"2026-02-15T09:02:31+00:00","description":"Stressabbau, ganzheitliche Erholung & Trauma-Arbeit \u2013 mit Ayurveda Tiefenentspannung. Alle Reviews im Blick. Erfahre, was andere begeistert.","breadcrumb":{"@id":"https:\/\/www.pravaha-massage.de\/reviews\/#breadcrumb"},"inLanguage":"en-US","potentialAction":[{"@type":"ReadAction","target":["https:\/\/www.pravaha-massage.de\/reviews\/"]}]},{"@type":"BreadcrumbList","@id":"https:\/\/www.pravaha-massage.de\/reviews\/#breadcrumb","itemListElement":[{"@type":"ListItem","position":1,"name":"Home","item":"https:\/\/www.pravaha-massage.de\/"},{"@type":"ListItem","position":2,"name":"Reviews"}]},{"@type":"WebSite","@id":"https:\/\/www.pravaha-massage.de\/#website","url":"https:\/\/www.pravaha-massage.de\/","name":"Pravaha Massage M\u00fcnchen","description":"Ayurveda Massage M\u00fcnchen \u2013 Stress abbauen, ganzheitlich erholen: 20 min. Tiefenentsp. wirken wie 4h Schlaf. Termin online buchen &amp; neue Kraft tanken.","publisher":{"@id":"https:\/\/www.pravaha-massage.de\/#\/schema\/person\/d946eb46ef88e144ff2ab320cd87213b"},"potentialAction":[{"@type":"SearchAction","target":{"@type":"EntryPoint","urlTemplate":"https:\/\/www.pravaha-massage.de\/?s={search_term_string}"},"query-input":{"@type":"PropertyValueSpecification","valueRequired":true,"valueName":"search_term_string"}}],"inLanguage":"en-US"},{"@type":["Person","Organization"],"@id":"https:\/\/www.pravaha-massage.de\/#\/schema\/person\/d946eb46ef88e144ff2ab320cd87213b","name":"Flavio76","image":{"@type":"ImageObject","inLanguage":"en-US","@id":"https:\/\/www.pravaha-massage.de\/wp-content\/uploads\/2024\/10\/Flavio-Redlich-Pravaha-Massage-Munchen.jpg","url":"https:\/\/www.pravaha-massage.de\/wp-content\/uploads\/2024\/10\/Flavio-Redlich-Pravaha-Massage-Munchen.jpg","contentUrl":"https:\/\/www.pravaha-massage.de\/wp-content\/uploads\/2024\/10\/Flavio-Redlich-Pravaha-Massage-Munchen.jpg","width":1600,"height":1322,"caption":"Flavio76"},"logo":{"@id":"https:\/\/www.pravaha-massage.de\/wp-content\/uploads\/2024\/10\/Flavio-Redlich-Pravaha-Massage-Munchen.jpg"},"sameAs":["https:\/\/www.pravaha-massage.de"]}]}},"_links":{"self":[{"href":"https:\/\/www.pravaha-massage.de\/en\/wp-json\/wp\/v2\/pages\/23111","targetHints":{"allow":["GET"]}}],"collection":[{"href":"https:\/\/www.pravaha-massage.de\/en\/wp-json\/wp\/v2\/pages"}],"about":[{"href":"https:\/\/www.pravaha-massage.de\/en\/wp-json\/wp\/v2\/types\/page"}],"author":[{"embeddable":true,"href":"https:\/\/www.pravaha-massage.de\/en\/wp-json\/wp\/v2\/users\/2"}],"replies":[{"embeddable":true,"href":"https:\/\/www.pravaha-massage.de\/en\/wp-json\/wp\/v2\/comments?post=23111"}],"version-history":[{"count":0,"href":"https:\/\/www.pravaha-massage.de\/en\/wp-json\/wp\/v2\/pages\/23111\/revisions"}],"wp:attachment":[{"href":"https:\/\/www.pravaha-massage.de\/en\/wp-json\/wp\/v2\/media?parent=23111"}],"curies":[{"name":"wp","href":"https:\/\/api.w.org\/{rel}","templated":true}]}}