{"id":21256,"date":"2014-09-02T17:43:21","date_gmt":"2014-09-02T15:43:21","guid":{"rendered":"http:\/\/pravaha-massage.de\/?page_id=21256"},"modified":"2026-02-15T10:00:14","modified_gmt":"2026-02-15T09:00:14","slug":"impressum","status":"publish","type":"page","link":"https:\/\/www.pravaha-massage.de\/en\/impressum\/","title":{"rendered":"Imprint"},"content":{"rendered":"<section class=\"wpb-content-wrapper\"><div   class=\"vc_row wpb_row vc_row-fluid js-master-row  mk-fullwidth-false attched-false\">\n\t<div style=\"\" class=\"vc_col-sm-3 wpb_column column_container\">\n\t\t\t\n\t<\/div>\n\t<div style=\"\" class=\"vc_col-sm-6 wpb_column column_container\">\n\t\t\t<div class=\"mk-text-block responsive-align-center\"><h1 style=\"text-align: center;\">Imprint<\/h1>\n<p>&nbsp;<\/p>\n<p style=\"text-align: center;\"><strong>Statements according to \u00a7 5 TMG<\/strong><\/p>\n<p style=\"text-align: center;\">Flavio Redlich<\/p>\n<p style=\"text-align: center;\"><em>Pravaha Massage M\u00fcnchen<br \/>\nAyurveda Deep Relaxation<\/em><\/p>\n<p style=\"text-align: center;\">Sternwartstr. 12<br \/>\n81679 M\u00fcnchen-Bogenhausen<\/p>\n<p style=\"text-align: center;\">Steuer-Nr: FA M\u00fcnchen, 146\/154\/31258<\/p>\n<p>&nbsp;<\/p>\n<p style=\"text-align: center;\"><strong>Bank-Info<\/strong><\/p>\n<div class=\"ev-paragraph ev-paragraphformrow ev-paragraphformrow-readonly\">\n<div class=\"four columns\">\n<div class=\"ev-paragraphformlabel\" style=\"text-align: center;\">\n<p><label>IBAN:\u00a0<\/label>DE80760300800200156125<\/p>\n<div class=\"ev-paragraph ev-paragraphformrow ev-paragraphformrow-readonly\">\n<div class=\"four columns\" style=\"text-align: center;\">\n<div class=\"ev-paragraphformlabel\"><label>BIC:\u00a0<\/label>CSDBDE71XXX<\/div>\n<\/div>\n<\/div>\n<p style=\"text-align: center;\"><strong>\u00a0<\/strong><\/p>\n<p style=\"text-align: center;\"><strong><br \/>\nContact<\/strong><\/p>\n<p style=\"text-align: center;\"><a href=\"tel:+4917656995280\">0176 569 952 80<\/a><\/p>\n<p style=\"text-align: center;\"><a title=\"Kontakt per E-Mail\" href=\"mailto:info@pravaha-massage.de\" target=\"_blank\" rel=\"noopener noreferrer\">info@pravaha-massage.de<\/a><\/p>\n<\/div>\n<\/div>\n<\/div>\n<div class=\"clearboth\"><\/div><\/div> <div id=\"divider-1\" style=\"padding: 60px 0px 40px 0px;\" class=\"mk-divider divider_full_width divider-single\"><div style=\"border-color:#707070;\" class=\"divider-inner\"><\/div><\/div><div class=\"clearboth\"><\/div><div class=\"mk-text-block responsive-align-center\"><h1 style=\"text-align: center;\"><\/h1>\n<p style=\"text-align: center;\"><strong>Appointments by arrangement only<\/strong><\/p>\n<p style=\"text-align: center;\">Agreed appointments are binding. Therefore, if necessary, please <strong>cancel at least 24 hours in advance<\/strong>, otherwise the agreed hours will have to be invoiced fully.<\/p>\n<p><em>\u00a0<\/em><\/p>\n<p style=\"text-align: center;\"><b>Billing via health insurance not possible<\/b><\/p>\n<p style=\"text-align: center;\">None of the massages and treatments offered by Pravaha Massage Munich can be billed through statutory or private health insurance companies; instead, they are billed privately.<\/p>\n<p>&nbsp;<\/p>\n<p style=\"text-align: center;\"><strong>Legal notice<\/strong><\/p>\n<p style=\"text-align: center;\">The Ayurvedic massages and energetic treatments offered by Pravaha Massage Munich are not a substitute for medical or psychological treatment, but serve solely for relaxation, maintaining health and activating the body's self-healing powers.<\/p>\n<div class=\"clearboth\"><\/div><\/div> \n\t<\/div>\n\t<div style=\"\" class=\"vc_col-sm-3 wpb_column column_container\">\n\t\t\t\n\t<\/div><\/div>\n<\/section>","protected":false},"excerpt":{"rendered":"Impressum &nbsp; Angaben gem\u00e4\u00df \u00a7 5 TMG: Flavio Redlich Pravaha Massage M\u00fcnchen Ayurveda Tiefenentspannung Sternwartstr. 12 81679 M\u00fcnchen-Bogenhausen Steuer-Nr: FA M\u00fcnchen, 146\/154\/31258 &nbsp; Bankdaten IBAN:\u00a0DE80760300800200156125 BIC:\u00a0CSDBDE71XXX \u00a0 Kontakt 0176 569 952 80 info@pravaha-massage.de Termine nur nach Vereinbarung Vereinbarte Termine sind verbindlich. Daher gegebenenfalls bitte mind. 24h vorher absagen, da sonst die vereinbarten Stunden in Rechnung [...]","protected":false},"author":2,"featured_media":0,"parent":0,"menu_order":0,"comment_status":"open","ping_status":"open","template":"","meta":{"footnotes":""},"class_list":["post-21256","page","type-page","status-publish","hentry"],"yoast_head":"<!-- This site is optimized with the Yoast SEO plugin v27.4 - https:\/\/yoast.com\/product\/yoast-seo-wordpress\/ -->\n<title>Pravaha-Massage-M\u00fcnchen | Impressum<\/title>\n<meta name=\"description\" content=\"Stressabbau, ganzheitliche Erholung &amp; Trauma-Arbeit \u2013 mit Ayurveda Tiefenentspannung: Impressum mit allen wichtigen Informationen.\" \/>\n<meta name=\"robots\" content=\"index, follow, max-snippet:-1, max-image-preview:large, max-video-preview:-1\" \/>\n<link rel=\"canonical\" href=\"https:\/\/www.pravaha-massage.de\/en\/impressum\/\" \/>\n<meta property=\"og:locale\" content=\"en_US\" \/>\n<meta property=\"og:type\" content=\"article\" \/>\n<meta property=\"og:title\" content=\"Pravaha-Massage-M\u00fcnchen | Impressum\" \/>\n<meta property=\"og:description\" content=\"Stressabbau, ganzheitliche Erholung &amp; Trauma-Arbeit \u2013 mit Ayurveda Tiefenentspannung: Impressum mit allen wichtigen Informationen.\" \/>\n<meta property=\"og:url\" content=\"https:\/\/www.pravaha-massage.de\/en\/impressum\/\" \/>\n<meta property=\"og:site_name\" content=\"Pravaha Massage M\u00fcnchen\" \/>\n<meta property=\"article:modified_time\" content=\"2026-02-15T09:00:14+00:00\" \/>\n<meta property=\"og:image\" content=\"https:\/\/www.pravaha-massage.de\/wp-content\/uploads\/2021\/11\/Pravaha-Massage-Munchen-Header-1.jpg\" \/>\n\t<meta property=\"og:image:width\" content=\"1920\" \/>\n\t<meta property=\"og:image:height\" content=\"1080\" \/>\n\t<meta property=\"og:image:type\" content=\"image\/jpeg\" \/>\n<meta name=\"twitter:card\" content=\"summary_large_image\" \/>\n<meta name=\"twitter:label1\" content=\"Est. reading time\" \/>\n\t<meta name=\"twitter:data1\" content=\"1 minute\" \/>\n<script type=\"application\/ld+json\" class=\"yoast-schema-graph\">{\"@context\":\"https:\\\/\\\/schema.org\",\"@graph\":[{\"@type\":\"WebPage\",\"@id\":\"https:\\\/\\\/www.pravaha-massage.de\\\/impressum\\\/\",\"url\":\"https:\\\/\\\/www.pravaha-massage.de\\\/impressum\\\/\",\"name\":\"Pravaha-Massage-M\u00fcnchen | Impressum\",\"isPartOf\":{\"@id\":\"https:\\\/\\\/www.pravaha-massage.de\\\/#website\"},\"datePublished\":\"2014-09-02T15:43:21+00:00\",\"dateModified\":\"2026-02-15T09:00:14+00:00\",\"description\":\"Stressabbau, ganzheitliche Erholung & Trauma-Arbeit \u2013 mit Ayurveda Tiefenentspannung: Impressum mit allen wichtigen Informationen.\",\"breadcrumb\":{\"@id\":\"https:\\\/\\\/www.pravaha-massage.de\\\/impressum\\\/#breadcrumb\"},\"inLanguage\":\"en-US\",\"potentialAction\":[{\"@type\":\"ReadAction\",\"target\":[\"https:\\\/\\\/www.pravaha-massage.de\\\/impressum\\\/\"]}]},{\"@type\":\"BreadcrumbList\",\"@id\":\"https:\\\/\\\/www.pravaha-massage.de\\\/impressum\\\/#breadcrumb\",\"itemListElement\":[{\"@type\":\"ListItem\",\"position\":1,\"name\":\"Home\",\"item\":\"https:\\\/\\\/www.pravaha-massage.de\\\/\"},{\"@type\":\"ListItem\",\"position\":2,\"name\":\"Impressum\"}]},{\"@type\":\"WebSite\",\"@id\":\"https:\\\/\\\/www.pravaha-massage.de\\\/#website\",\"url\":\"https:\\\/\\\/www.pravaha-massage.de\\\/\",\"name\":\"Pravaha Massage M\u00fcnchen\",\"description\":\"Ayurveda Massage M\u00fcnchen \u2013 Stress abbauen, ganzheitlich erholen: 20 min. Tiefenentsp. wirken wie 4h Schlaf. Termin online buchen &amp; neue Kraft tanken.\",\"publisher\":{\"@id\":\"https:\\\/\\\/www.pravaha-massage.de\\\/#\\\/schema\\\/person\\\/d946eb46ef88e144ff2ab320cd87213b\"},\"potentialAction\":[{\"@type\":\"SearchAction\",\"target\":{\"@type\":\"EntryPoint\",\"urlTemplate\":\"https:\\\/\\\/www.pravaha-massage.de\\\/?s={search_term_string}\"},\"query-input\":{\"@type\":\"PropertyValueSpecification\",\"valueRequired\":true,\"valueName\":\"search_term_string\"}}],\"inLanguage\":\"en-US\"},{\"@type\":[\"Person\",\"Organization\"],\"@id\":\"https:\\\/\\\/www.pravaha-massage.de\\\/#\\\/schema\\\/person\\\/d946eb46ef88e144ff2ab320cd87213b\",\"name\":\"Flavio76\",\"image\":{\"@type\":\"ImageObject\",\"inLanguage\":\"en-US\",\"@id\":\"https:\\\/\\\/www.pravaha-massage.de\\\/wp-content\\\/uploads\\\/2024\\\/10\\\/Flavio-Redlich-Pravaha-Massage-Munchen.jpg\",\"url\":\"https:\\\/\\\/www.pravaha-massage.de\\\/wp-content\\\/uploads\\\/2024\\\/10\\\/Flavio-Redlich-Pravaha-Massage-Munchen.jpg\",\"contentUrl\":\"https:\\\/\\\/www.pravaha-massage.de\\\/wp-content\\\/uploads\\\/2024\\\/10\\\/Flavio-Redlich-Pravaha-Massage-Munchen.jpg\",\"width\":1600,\"height\":1322,\"caption\":\"Flavio76\"},\"logo\":{\"@id\":\"https:\\\/\\\/www.pravaha-massage.de\\\/wp-content\\\/uploads\\\/2024\\\/10\\\/Flavio-Redlich-Pravaha-Massage-Munchen.jpg\"},\"sameAs\":[\"https:\\\/\\\/www.pravaha-massage.de\"]}]}<\/script>\n<!-- \/ Yoast SEO plugin. -->","yoast_head_json":{"title":"Pravaha-Massage-M\u00fcnchen | Impressum","description":"Stressabbau, ganzheitliche Erholung & Trauma-Arbeit \u2013 mit Ayurveda Tiefenentspannung: Impressum mit allen wichtigen Informationen.","robots":{"index":"index","follow":"follow","max-snippet":"max-snippet:-1","max-image-preview":"max-image-preview:large","max-video-preview":"max-video-preview:-1"},"canonical":"https:\/\/www.pravaha-massage.de\/en\/impressum\/","og_locale":"en_US","og_type":"article","og_title":"Pravaha-Massage-M\u00fcnchen | Impressum","og_description":"Stressabbau, ganzheitliche Erholung & Trauma-Arbeit \u2013 mit Ayurveda Tiefenentspannung: Impressum mit allen wichtigen Informationen.","og_url":"https:\/\/www.pravaha-massage.de\/en\/impressum\/","og_site_name":"Pravaha Massage M\u00fcnchen","article_modified_time":"2026-02-15T09:00:14+00:00","og_image":[{"width":1920,"height":1080,"url":"https:\/\/www.pravaha-massage.de\/wp-content\/uploads\/2021\/11\/Pravaha-Massage-Munchen-Header-1.jpg","type":"image\/jpeg"}],"twitter_card":"summary_large_image","twitter_misc":{"Est. reading time":"1 minute"},"schema":{"@context":"https:\/\/schema.org","@graph":[{"@type":"WebPage","@id":"https:\/\/www.pravaha-massage.de\/impressum\/","url":"https:\/\/www.pravaha-massage.de\/impressum\/","name":"Pravaha-Massage-M\u00fcnchen | Impressum","isPartOf":{"@id":"https:\/\/www.pravaha-massage.de\/#website"},"datePublished":"2014-09-02T15:43:21+00:00","dateModified":"2026-02-15T09:00:14+00:00","description":"Stressabbau, ganzheitliche Erholung & Trauma-Arbeit \u2013 mit Ayurveda Tiefenentspannung: Impressum mit allen wichtigen Informationen.","breadcrumb":{"@id":"https:\/\/www.pravaha-massage.de\/impressum\/#breadcrumb"},"inLanguage":"en-US","potentialAction":[{"@type":"ReadAction","target":["https:\/\/www.pravaha-massage.de\/impressum\/"]}]},{"@type":"BreadcrumbList","@id":"https:\/\/www.pravaha-massage.de\/impressum\/#breadcrumb","itemListElement":[{"@type":"ListItem","position":1,"name":"Home","item":"https:\/\/www.pravaha-massage.de\/"},{"@type":"ListItem","position":2,"name":"Impressum"}]},{"@type":"WebSite","@id":"https:\/\/www.pravaha-massage.de\/#website","url":"https:\/\/www.pravaha-massage.de\/","name":"Pravaha Massage M\u00fcnchen","description":"Ayurveda Massage M\u00fcnchen \u2013 Stress abbauen, ganzheitlich erholen: 20 min. Tiefenentsp. wirken wie 4h Schlaf. Termin online buchen &amp; neue Kraft tanken.","publisher":{"@id":"https:\/\/www.pravaha-massage.de\/#\/schema\/person\/d946eb46ef88e144ff2ab320cd87213b"},"potentialAction":[{"@type":"SearchAction","target":{"@type":"EntryPoint","urlTemplate":"https:\/\/www.pravaha-massage.de\/?s={search_term_string}"},"query-input":{"@type":"PropertyValueSpecification","valueRequired":true,"valueName":"search_term_string"}}],"inLanguage":"en-US"},{"@type":["Person","Organization"],"@id":"https:\/\/www.pravaha-massage.de\/#\/schema\/person\/d946eb46ef88e144ff2ab320cd87213b","name":"Flavio76","image":{"@type":"ImageObject","inLanguage":"en-US","@id":"https:\/\/www.pravaha-massage.de\/wp-content\/uploads\/2024\/10\/Flavio-Redlich-Pravaha-Massage-Munchen.jpg","url":"https:\/\/www.pravaha-massage.de\/wp-content\/uploads\/2024\/10\/Flavio-Redlich-Pravaha-Massage-Munchen.jpg","contentUrl":"https:\/\/www.pravaha-massage.de\/wp-content\/uploads\/2024\/10\/Flavio-Redlich-Pravaha-Massage-Munchen.jpg","width":1600,"height":1322,"caption":"Flavio76"},"logo":{"@id":"https:\/\/www.pravaha-massage.de\/wp-content\/uploads\/2024\/10\/Flavio-Redlich-Pravaha-Massage-Munchen.jpg"},"sameAs":["https:\/\/www.pravaha-massage.de"]}]}},"_links":{"self":[{"href":"https:\/\/www.pravaha-massage.de\/en\/wp-json\/wp\/v2\/pages\/21256","targetHints":{"allow":["GET"]}}],"collection":[{"href":"https:\/\/www.pravaha-massage.de\/en\/wp-json\/wp\/v2\/pages"}],"about":[{"href":"https:\/\/www.pravaha-massage.de\/en\/wp-json\/wp\/v2\/types\/page"}],"author":[{"embeddable":true,"href":"https:\/\/www.pravaha-massage.de\/en\/wp-json\/wp\/v2\/users\/2"}],"replies":[{"embeddable":true,"href":"https:\/\/www.pravaha-massage.de\/en\/wp-json\/wp\/v2\/comments?post=21256"}],"version-history":[{"count":0,"href":"https:\/\/www.pravaha-massage.de\/en\/wp-json\/wp\/v2\/pages\/21256\/revisions"}],"wp:attachment":[{"href":"https:\/\/www.pravaha-massage.de\/en\/wp-json\/wp\/v2\/media?parent=21256"}],"curies":[{"name":"wp","href":"https:\/\/api.w.org\/{rel}","templated":true}]}}