{"id":21214,"date":"2014-09-01T18:23:46","date_gmt":"2014-09-01T18:23:46","guid":{"rendered":"http:\/\/pravaha-massage.de\/?page_id=21214"},"modified":"2026-02-15T10:50:08","modified_gmt":"2026-02-15T09:50:08","slug":"tiefenentspannung","status":"publish","type":"page","link":"https:\/\/www.pravaha-massage.de\/en\/tiefenentspannung\/","title":{"rendered":"Deep-Relaxation"},"content":{"rendered":"<section class=\"wpb-content-wrapper\"><div class=\"clearboth\"><\/div><\/div><\/div><\/div><div   data-intro-effect=\"false\" class=\"page-section-1  expandable-false fullwidth-true section-expandable-false full-height-false mk-background-stretch  mk-video-holder mk-page-section parallax-false\" data-direction=\"vertical\"><div class=\"bg-layer clip\"><div  class=\"mk-video-color-mask\"><\/div><div class=\"scroll-layer mk-background-stretch\" style=\"background-image:url(https:\/\/www.pravaha-massage.de\/wp-content\/uploads\/2014\/09\/ayurveda-massage-muenchen-burnout-tiefenentspannung-1.jpg); \"  css-attach=\"scroll\" data-attach=\"scroll\"><\/div><\/div><div class=\"page-section-fullwidth vc_row-fluid page-section-content expandable-false\"><div class=\"mk-padding-wrapper\">\n\t<div style=\"\" class=\"vc_col-sm-12 wpb_column column_container\">\n\t\t\t\n\t<\/div><\/div><div class=\"clearboth\"><\/div><\/div><div class=\"clearboth\"><\/div><\/div><div class=\"mk-main-wrapper-holder\"><div class=\"theme-page-wrapper full-layout mk-grid vc_row-fluid no-padding\"><div class=\"theme-content no-padding\"><div   class=\"vc_row wpb_row vc_row-fluid js-master-row  mk-fullwidth-false attched-false\">\n\t<div style=\"\" class=\"vc_col-sm-12 wpb_column column_container\">\n\t\t\t<div class=\"clearboth\"><\/div><div class=\"mk-shortcode mk-padding-shortcode\" style=\"height:20px\"><\/div><div class=\"clearboth\"><\/div>\n\t<\/div><\/div><div class=\"clearboth\"><\/div><\/div><\/div><\/div><div   data-intro-effect=\"false\" class=\"page-section-2  expandable-false fullwidth-false section-expandable-false full-height-false  mk-video-holder mk-page-section parallax-false\" data-direction=\"vertical\"><div class=\"bg-layer clip\"><div  class=\"mk-video-color-mask\"><\/div><div class=\"scroll-layer\" style=\"\"  css-attach=\"scroll\" data-attach=\"scroll\"><\/div><\/div><div class=\"mk-grid vc_row-fluid page-section-content expandable-false\"><div class=\"mk-padding-wrapper\">\n\t<div style=\"\" class=\"vc_col-sm-2 wpb_column column_container\">\n\t\t\t\n\t<\/div>\n\t<div style=\"\" class=\"vc_col-sm-8 wpb_column column_container\">\n\t\t\t<h3  style=\"font-size: 14px;text-align:left;line-height:24px;letter-spacing:0px;color: #393836;font-weight:inherit;margin-bottom:10px; margin-top:10px; \" id=\"fancy-title-3\" class=\"mk-fancy-title responsive-align-center simple-title left-align  mk-animate-element scale-up\"><span class=\"fancy-title-span pointed\" >\n<h1 style=\"text-align: center;\">Deep-Relaxation<\/h1>\n<\/span><\/h3><div class=\"clearboth\"><\/div><div class=\"mk-shortcode mk-padding-shortcode\" style=\"height:20px\"><\/div><div class=\"clearboth\"><\/div><div class=\"mk-text-block responsive-align-center   mk-animate-element scale-up\"><p style=\"text-align: center;\"><strong>Ideal for stress, burnout, sleep disorders and migraines<\/strong><\/p>\n<div class=\"clearboth\"><\/div><\/div> <div class=\"mk-text-block responsive-align-center   mk-animate-element scale-up\"><p style=\"text-align: center;\">Many people feel relaxed, when they watch TV on the sofa in the evening, read in bed or listen to relaxing music. However, most people do not emerge from these \u201crest periods\u201d feeling truly refreshed and recharged. This shows, that the topic of relaxation is more complex than many people initially think.<\/p>\n<p style=\"text-align: center;\">Intensive deep relaxation calms much more than just superficial daily activities. It relieves the entire nervous system: the circulation calms down, muscles and artery walls relax, the pulse slows down, stress hormones are broken down and the immune system and regeneration processes are stimulated.<\/p>\n<h4 style=\"text-align: center;\"><strong>\u2014<\/strong><em><br \/>\n<em>Deep relaxation refills depleted energy reserves<br \/>\nand unleashes new<\/em><\/em> <em>forces.<\/em><\/h4>\n<h4 style=\"text-align: center;\"><em>20 min. Deep Relaxation<br \/>\n<\/em><em>corresponds to appr. 4 hours of sleep.<br \/>\n<strong>\u2014<\/strong><\/em><\/h4>\n<h4 style=\"text-align: center;\"><\/h4>\n<div class=\"clearboth\"><\/div><\/div> \n\t<\/div>\n\t<div style=\"\" class=\"vc_col-sm-2 wpb_column column_container\">\n\t\t\t\n\t<\/div><\/div><div class=\"clearboth\"><\/div><\/div><div class=\"clearboth\"><\/div><\/div><div class=\"mk-main-wrapper-holder\"><div class=\"theme-page-wrapper full-layout mk-grid vc_row-fluid no-padding\"><div class=\"theme-content no-padding\"><div class=\"clearboth\"><\/div><\/div><\/div><\/div><div   data-intro-effect=\"false\" class=\"page-section-4  expandable-false fullwidth-false section-expandable-false full-height-false  mk-video-holder mk-page-section parallax-false\" data-direction=\"vertical\"><div class=\"bg-layer clip\"><div  class=\"mk-video-color-mask\"><\/div><div class=\"scroll-layer\" style=\"\"  css-attach=\"scroll\" data-attach=\"scroll\"><\/div><\/div><div class=\"mk-grid vc_row-fluid page-section-content expandable-false\"><div class=\"mk-padding-wrapper\">\n\t<div style=\"\" class=\"vc_col-sm-2 wpb_column column_container\">\n\t\t\t\n\t<\/div>\n\t<div style=\"\" class=\"vc_col-sm-8 wpb_column column_container\">\n\t\t\t<div class=\"mk-text-block responsive-align-center   mk-animate-element scale-up\"><p style=\"text-align: center;\"><strong>Relaxation impulse<\/strong><\/p>\n<p style=\"text-align: center;\">Deep relaxation is achieved through a relaxation impulse, which can be triggered by verbal suggestion, relaxation techniques or sensory impressions, such as those experienced during a holistic deep tissue massage.<\/p>\n<p style=\"text-align: center;\">A consciously induced relaxation impulse interrupts the sympathetic activity of the brain and activates a parasympathetic phase, in which the following hormones are specifically released: melatonin (sleep hormone), serotonin (vasodilator hormone) and endorphins (happiness hormones).<\/p>\n<h4 style=\"text-align: center;\"><strong>\u2014<\/strong><br \/>\n<em>This allows you to\u00a0<\/em><em>completely<br \/>\nrecharge your batteries and relax deeply.<\/em><br \/>\n<strong>\u2014<\/strong><\/h4>\n<div class=\"clearboth\"><\/div><\/div> \n\t<\/div>\n\t<div style=\"\" class=\"vc_col-sm-2 wpb_column column_container\">\n\t\t\t\n\t<\/div><\/div><div class=\"clearboth\"><\/div><\/div><div class=\"clearboth\"><\/div><\/div><div class=\"mk-main-wrapper-holder\"><div class=\"theme-page-wrapper full-layout mk-grid vc_row-fluid no-padding\"><div class=\"theme-content no-padding\"><div class=\"clearboth\"><\/div><\/div><\/div><\/div><div   data-intro-effect=\"false\" class=\"page-section-5  expandable-false fullwidth-true section-expandable-false full-height-false mk-background-stretch  mk-video-holder mk-page-section parallax-false\" data-direction=\"vertical\"><div class=\"bg-layer clip\"><div  class=\"mk-video-color-mask\"><\/div><div class=\"scroll-layer mk-background-stretch\" style=\"background-image:url(https:\/\/www.pravaha-massage.de\/wp-content\/uploads\/2014\/09\/ayurveda-massage-muenchen-burnout-tiefenentspannung.jpg); \"  css-attach=\"scroll\" data-attach=\"scroll\"><\/div><\/div><div class=\"page-section-fullwidth vc_row-fluid page-section-content expandable-false\"><div class=\"mk-padding-wrapper\">\n\t<div style=\"\" class=\"vc_col-sm-12 wpb_column column_container\">\n\t\t\t\n\t<\/div><\/div><div class=\"clearboth\"><\/div><\/div><div class=\"clearboth\"><\/div><\/div><div class=\"mk-main-wrapper-holder\"><div class=\"theme-page-wrapper full-layout mk-grid vc_row-fluid no-padding\"><div class=\"theme-content no-padding\"><div class=\"clearboth\"><\/div><\/div><\/div><\/div><div   data-intro-effect=\"false\" class=\"page-section-6  expandable-false fullwidth-false section-expandable-false full-height-false  mk-video-holder mk-page-section parallax-false\" data-direction=\"vertical\"><div class=\"bg-layer clip\"><div  class=\"mk-video-color-mask\"><\/div><div class=\"scroll-layer\" style=\"\"  css-attach=\"scroll\" data-attach=\"scroll\"><\/div><\/div><div class=\"mk-grid vc_row-fluid page-section-content expandable-false\"><div class=\"mk-padding-wrapper\">\n\t<div style=\"\" class=\"vc_col-sm-2 wpb_column column_container\">\n\t\t\t\n\t<\/div>\n\t<div style=\"\" class=\"vc_col-sm-8 wpb_column column_container\">\n\t\t\t<div class=\"clearboth\"><\/div><div class=\"mk-shortcode mk-padding-shortcode\" style=\"height:20px\"><\/div><div class=\"clearboth\"><\/div><div class=\"mk-text-block responsive-align-center   mk-animate-element scale-up\"><h2 style=\"text-align: center;\"><span style=\"font-size: 24pt;\">All advantages at a glance<\/span><\/h2>\n<p style=\"text-align: center;\"><strong>Decrease of muscle tone<\/strong><strong><br \/>\n<\/strong>Muscles relax<br \/>\nand breathing gets deeper<\/p>\n<p style=\"text-align: center;\"><strong><br \/>\nDecrease in heart rate<\/strong><strong><br \/>\n<\/strong>Blood pressure stabilizes<\/p>\n<p style=\"text-align: center;\"><strong><br \/>\nImproved blood circulation of internal organs<\/strong><br \/>\nDigestion is activated<\/p>\n<p style=\"text-align: center;\"><strong><br \/>\nIncreased ability to concentrate<\/strong><br \/>\nMemory performance is enhanced<\/p>\n<p style=\"text-align: center;\"><strong><br \/>\nStrengthening the immune system:<\/strong><strong><br \/>\n<\/strong>Colds and<br \/>\nmetabolic disorders are prevented<\/p>\n<p style=\"text-align: center;\"><strong><br \/>\nPrevention of stress-related illnesses<\/strong>:<br \/>\nHeadaches, sleep disturbances,<br \/>\nTinnitus, burnout, depression etc.<\/p>\n<p style=\"text-align: center;\"><strong><br \/>\nSlowed brain waves (EEG):<\/strong><strong><br \/>\n<\/strong>Alpha &amp; theta waves are generated<br \/>\n\u2013&gt; Deep relaxation &amp; entry into the alpha phase*<\/p>\n<p style=\"text-align: center;\"><small><em>*The normal waking state corresponds to EEG beta waves, while the sleeping state is indicated by<\/em><em><em> delta waves, the basic state of relaxation as alpha waves, and the deep state of relaxation as theta waves. Scientific research has shown that increased alpha and theta wave activity enhances feelings of happiness, stimulates zest for life and promotes creativity.<\/em><\/em><\/small><\/p>\n<div class=\"clearboth\"><\/div><\/div> \n\t<\/div>\n\t<div style=\"\" class=\"vc_col-sm-2 wpb_column column_container\">\n\t\t\t\n\t<\/div><\/div><div class=\"clearboth\"><\/div><\/div><div class=\"clearboth\"><\/div><\/div><div class=\"mk-main-wrapper-holder\"><div class=\"theme-page-wrapper full-layout mk-grid vc_row-fluid no-padding\"><div class=\"theme-content no-padding\"><div class=\"clearboth\"><\/div><\/div><\/div><\/div><div   data-intro-effect=\"false\" class=\"page-section-7  expandable-false fullwidth-false section-expandable-false full-height-false  mk-video-holder mk-page-section parallax-false\" data-direction=\"vertical\"><div class=\"bg-layer clip\"><div  class=\"mk-video-color-mask\"><\/div><div class=\"scroll-layer\" style=\"\"  css-attach=\"scroll\" data-attach=\"scroll\"><\/div><\/div><div class=\"mk-grid vc_row-fluid page-section-content expandable-false\"><div class=\"mk-padding-wrapper\">\n\t<div style=\"\" class=\"vc_col-sm-12 wpb_column column_container\">\n\t\t\t<div class=\"clearboth\"><\/div><div class=\"mk-shortcode mk-padding-shortcode\" style=\"height:20px\"><\/div><div class=\"clearboth\"><\/div><div class=\"mk-text-block responsive-align-center   mk-animate-element scale-up\"><h2 style=\"text-align: center;\"><span style=\"font-size: 24pt; color: #ffffff;\">When is deep relaxation recommended?<\/span><\/h2>\n<p style=\"text-align: center;\"><span style=\"color: #ffffff;\">for inner imbalance, restlessness and insomnia<\/span><\/p>\n<p style=\"text-align: center;\"><span style=\"color: #ffffff;\">\u2014<\/span><\/p>\n<p style=\"text-align: center;\"><span style=\"color: #ffffff;\">in cases of nervousness and overexcitement<\/span><\/p>\n<p style=\"text-align: center;\"><span style=\"color: #ffffff;\">\u2014<\/span><\/p>\n<p style=\"text-align: center;\"><span style=\"color: #ffffff;\">in cases of lack of drive and feelings of weakness<\/span><\/p>\n<p style=\"text-align: center;\"><span style=\"color: #ffffff;\">\u2014<\/span><\/p>\n<p style=\"text-align: center;\"><span style=\"color: #ffffff;\">after burnout or for burnout prevention<\/span><\/p>\n<p style=\"text-align: center;\"><span style=\"color: #ffffff;\">\u2014<\/span><\/p>\n<p style=\"text-align: center;\"><span style=\"color: #ffffff;\">to strengthen the immune system<\/span><\/p>\n<p style=\"text-align: center;\"><span style=\"color: #ffffff;\">\u2014<\/span><\/p>\n<p style=\"text-align: center;\"><span style=\"color: #ffffff;\">to increase concentration and learning ability<\/span><\/p>\n<p style=\"text-align: center;\"><span style=\"color: #ffffff;\">\u2014<\/span><\/p>\n<p style=\"text-align: center;\"><span style=\"color: #ffffff;\">to activate inner self-healing powers<\/span><\/p>\n<p style=\"text-align: center;\"><span style=\"color: #ffffff;\">\u2014<\/span><\/p>\n<p style=\"text-align: center;\"><span style=\"color: #ffffff;\">to relax and recharge your batteries<\/span><\/p>\n<p style=\"text-align: center;\"><span style=\"color: #ffffff;\">\u2014<\/span><\/p>\n<p style=\"text-align: center;\"><span style=\"color: #ffffff;\">for simple well-being<\/span><\/p>\n<div class=\"clearboth\"><\/div><\/div> \n\t<\/div><\/div><div class=\"clearboth\"><\/div><\/div><div class=\"clearboth\"><\/div><\/div><div class=\"mk-main-wrapper-holder\"><div class=\"theme-page-wrapper full-layout mk-grid vc_row-fluid no-padding\"><div class=\"theme-content no-padding\"><div class=\"clearboth\"><\/div><\/div><\/div><\/div><div   data-intro-effect=\"false\" class=\"page-section-8  expandable-false fullwidth-false section-expandable-false full-height-false  mk-video-holder mk-page-section parallax-false\" data-direction=\"vertical\"><div class=\"bg-layer clip\"><div  class=\"mk-video-color-mask\"><\/div><div class=\"scroll-layer\" style=\"\"  css-attach=\"scroll\" data-attach=\"scroll\"><\/div><\/div><div class=\"mk-grid vc_row-fluid page-section-content expandable-false\"><div class=\"mk-padding-wrapper\">\n\t<div style=\"\" class=\"vc_col-sm-2 wpb_column column_container\">\n\t\t\t\n\t<\/div>\n\t<div style=\"\" class=\"vc_col-sm-8 wpb_column column_container\">\n\t\t\t<div class=\"clearboth\"><\/div><div class=\"mk-shortcode mk-padding-shortcode\" style=\"height:20px\"><\/div><div class=\"clearboth\"><\/div><div class=\"mk-text-block responsive-align-center   mk-animate-element scale-up\"><h3 style=\"text-align: center;\"><em>\u201eBut the best part is how you feel afterwards.\u201d<\/em><\/h3>\n<p style=\"text-align: center;\">After deep relaxation, your inner balance often returns automatically: you feel calmer, more energetic and completely at peace with yourself again.<\/p>\n<p style=\"text-align: center;\">Treat your body, mind and soul to a little time out at the <em>Pravaha Ayurveda Massage M\u00fcnchen<\/em>\u00a0\u2013 you will be surprised at how calmly you deal with situations that previously caused you a lot of stress.<\/p>\n<div class=\"clearboth\"><\/div><\/div> \n\t<\/div>\n\t<div style=\"\" class=\"vc_col-sm-2 wpb_column column_container\">\n\t\t\t\n\t<\/div><\/div><div class=\"clearboth\"><\/div><\/div><div class=\"clearboth\"><\/div><\/div><div class=\"mk-main-wrapper-holder\"><div class=\"theme-page-wrapper full-layout mk-grid vc_row-fluid no-padding\"><div class=\"theme-content no-padding\">\n<\/section><\/section><\/section>","protected":false},"excerpt":{"rendered":"Tiefenentspannung Ideal bei Stress, Burnout, Schlafst\u00f6rungen &amp; Migr\u00e4ne Viele Menschen f\u00fchlen sich entspannt, wenn sie abends auf dem Sofa Fernsehen schauen, im Bett lesen oder relaxte Musik h\u00f6ren. Doch wirklich erfrischt und gest\u00e4rkt gehen die meisten aus diesen \"Ruhephasen\" nicht hervor. Dies zeigt: Das Thema Entspannung ist vielschichtiger, als viele im ersten Moment denken. Denn [...]","protected":false},"author":2,"featured_media":0,"parent":0,"menu_order":0,"comment_status":"open","ping_status":"open","template":"","meta":{"footnotes":""},"class_list":["post-21214","page","type-page","status-publish","hentry"],"yoast_head":"<!-- This site is optimized with the Yoast SEO plugin v27.4 - https:\/\/yoast.com\/product\/yoast-seo-wordpress\/ -->\n<title>Pravaha-Massage-M\u00fcnchen | Tiefenentspannung<\/title>\n<meta name=\"description\" content=\"Ideal bei Stress, Burnout, Schlafst\u00f6rungen und Migr\u00e4ne: schon 20 min. Tiefenentspannung wirken wie ca. 4 h Schlaf. G\u00f6nn dir eine Auszeit.\" \/>\n<meta name=\"robots\" content=\"index, follow, max-snippet:-1, max-image-preview:large, max-video-preview:-1\" \/>\n<link rel=\"canonical\" href=\"https:\/\/www.pravaha-massage.de\/en\/tiefenentspannung\/\" \/>\n<meta property=\"og:locale\" content=\"en_US\" \/>\n<meta property=\"og:type\" content=\"article\" \/>\n<meta property=\"og:title\" content=\"Pravaha-Massage-M\u00fcnchen | Tiefenentspannung\" \/>\n<meta property=\"og:description\" content=\"Ideal bei Stress, Burnout, Schlafst\u00f6rungen und Migr\u00e4ne: schon 20 min. Tiefenentspannung wirken wie ca. 4 h Schlaf. G\u00f6nn dir eine Auszeit.\" \/>\n<meta property=\"og:url\" content=\"https:\/\/www.pravaha-massage.de\/en\/tiefenentspannung\/\" \/>\n<meta property=\"og:site_name\" content=\"Pravaha Massage M\u00fcnchen\" \/>\n<meta property=\"article:modified_time\" content=\"2026-02-15T09:50:08+00:00\" \/>\n<meta property=\"og:image\" content=\"https:\/\/www.pravaha-massage.de\/wp-content\/uploads\/2021\/11\/Pravaha-Massage-Munchen-Header-1.jpg\" \/>\n\t<meta property=\"og:image:width\" content=\"1920\" \/>\n\t<meta property=\"og:image:height\" content=\"1080\" \/>\n\t<meta property=\"og:image:type\" content=\"image\/jpeg\" \/>\n<meta name=\"twitter:card\" content=\"summary_large_image\" \/>\n<meta name=\"twitter:label1\" content=\"Est. reading time\" \/>\n\t<meta name=\"twitter:data1\" content=\"3 minutes\" \/>\n<script type=\"application\/ld+json\" class=\"yoast-schema-graph\">{\"@context\":\"https:\\\/\\\/schema.org\",\"@graph\":[{\"@type\":\"WebPage\",\"@id\":\"https:\\\/\\\/www.pravaha-massage.de\\\/tiefenentspannung\\\/\",\"url\":\"https:\\\/\\\/www.pravaha-massage.de\\\/tiefenentspannung\\\/\",\"name\":\"Pravaha-Massage-M\u00fcnchen | Tiefenentspannung\",\"isPartOf\":{\"@id\":\"https:\\\/\\\/www.pravaha-massage.de\\\/#website\"},\"datePublished\":\"2014-09-01T18:23:46+00:00\",\"dateModified\":\"2026-02-15T09:50:08+00:00\",\"description\":\"Ideal bei Stress, Burnout, Schlafst\u00f6rungen und Migr\u00e4ne: schon 20 min. Tiefenentspannung wirken wie ca. 4 h Schlaf. G\u00f6nn dir eine Auszeit.\",\"breadcrumb\":{\"@id\":\"https:\\\/\\\/www.pravaha-massage.de\\\/tiefenentspannung\\\/#breadcrumb\"},\"inLanguage\":\"en-US\",\"potentialAction\":[{\"@type\":\"ReadAction\",\"target\":[\"https:\\\/\\\/www.pravaha-massage.de\\\/tiefenentspannung\\\/\"]}]},{\"@type\":\"BreadcrumbList\",\"@id\":\"https:\\\/\\\/www.pravaha-massage.de\\\/tiefenentspannung\\\/#breadcrumb\",\"itemListElement\":[{\"@type\":\"ListItem\",\"position\":1,\"name\":\"Home\",\"item\":\"https:\\\/\\\/www.pravaha-massage.de\\\/\"},{\"@type\":\"ListItem\",\"position\":2,\"name\":\"Tiefenentspannung\"}]},{\"@type\":\"WebSite\",\"@id\":\"https:\\\/\\\/www.pravaha-massage.de\\\/#website\",\"url\":\"https:\\\/\\\/www.pravaha-massage.de\\\/\",\"name\":\"Pravaha Massage M\u00fcnchen\",\"description\":\"Ayurveda Massage M\u00fcnchen \u2013 Stress abbauen, ganzheitlich erholen: 20 min. Tiefenentsp. wirken wie 4h Schlaf. Termin online buchen &amp; neue Kraft tanken.\",\"publisher\":{\"@id\":\"https:\\\/\\\/www.pravaha-massage.de\\\/#\\\/schema\\\/person\\\/d946eb46ef88e144ff2ab320cd87213b\"},\"potentialAction\":[{\"@type\":\"SearchAction\",\"target\":{\"@type\":\"EntryPoint\",\"urlTemplate\":\"https:\\\/\\\/www.pravaha-massage.de\\\/?s={search_term_string}\"},\"query-input\":{\"@type\":\"PropertyValueSpecification\",\"valueRequired\":true,\"valueName\":\"search_term_string\"}}],\"inLanguage\":\"en-US\"},{\"@type\":[\"Person\",\"Organization\"],\"@id\":\"https:\\\/\\\/www.pravaha-massage.de\\\/#\\\/schema\\\/person\\\/d946eb46ef88e144ff2ab320cd87213b\",\"name\":\"Flavio76\",\"image\":{\"@type\":\"ImageObject\",\"inLanguage\":\"en-US\",\"@id\":\"https:\\\/\\\/www.pravaha-massage.de\\\/wp-content\\\/uploads\\\/2024\\\/10\\\/Flavio-Redlich-Pravaha-Massage-Munchen.jpg\",\"url\":\"https:\\\/\\\/www.pravaha-massage.de\\\/wp-content\\\/uploads\\\/2024\\\/10\\\/Flavio-Redlich-Pravaha-Massage-Munchen.jpg\",\"contentUrl\":\"https:\\\/\\\/www.pravaha-massage.de\\\/wp-content\\\/uploads\\\/2024\\\/10\\\/Flavio-Redlich-Pravaha-Massage-Munchen.jpg\",\"width\":1600,\"height\":1322,\"caption\":\"Flavio76\"},\"logo\":{\"@id\":\"https:\\\/\\\/www.pravaha-massage.de\\\/wp-content\\\/uploads\\\/2024\\\/10\\\/Flavio-Redlich-Pravaha-Massage-Munchen.jpg\"},\"sameAs\":[\"https:\\\/\\\/www.pravaha-massage.de\"]}]}<\/script>\n<!-- \/ Yoast SEO plugin. -->","yoast_head_json":{"title":"Pravaha-Massage-M\u00fcnchen | Tiefenentspannung","description":"Ideal bei Stress, Burnout, Schlafst\u00f6rungen und Migr\u00e4ne: schon 20 min. Tiefenentspannung wirken wie ca. 4 h Schlaf. G\u00f6nn dir eine Auszeit.","robots":{"index":"index","follow":"follow","max-snippet":"max-snippet:-1","max-image-preview":"max-image-preview:large","max-video-preview":"max-video-preview:-1"},"canonical":"https:\/\/www.pravaha-massage.de\/en\/tiefenentspannung\/","og_locale":"en_US","og_type":"article","og_title":"Pravaha-Massage-M\u00fcnchen | Tiefenentspannung","og_description":"Ideal bei Stress, Burnout, Schlafst\u00f6rungen und Migr\u00e4ne: schon 20 min. Tiefenentspannung wirken wie ca. 4 h Schlaf. G\u00f6nn dir eine Auszeit.","og_url":"https:\/\/www.pravaha-massage.de\/en\/tiefenentspannung\/","og_site_name":"Pravaha Massage M\u00fcnchen","article_modified_time":"2026-02-15T09:50:08+00:00","og_image":[{"width":1920,"height":1080,"url":"https:\/\/www.pravaha-massage.de\/wp-content\/uploads\/2021\/11\/Pravaha-Massage-Munchen-Header-1.jpg","type":"image\/jpeg"}],"twitter_card":"summary_large_image","twitter_misc":{"Est. reading time":"3 minutes"},"schema":{"@context":"https:\/\/schema.org","@graph":[{"@type":"WebPage","@id":"https:\/\/www.pravaha-massage.de\/tiefenentspannung\/","url":"https:\/\/www.pravaha-massage.de\/tiefenentspannung\/","name":"Pravaha-Massage-M\u00fcnchen | Tiefenentspannung","isPartOf":{"@id":"https:\/\/www.pravaha-massage.de\/#website"},"datePublished":"2014-09-01T18:23:46+00:00","dateModified":"2026-02-15T09:50:08+00:00","description":"Ideal bei Stress, Burnout, Schlafst\u00f6rungen und Migr\u00e4ne: schon 20 min. Tiefenentspannung wirken wie ca. 4 h Schlaf. G\u00f6nn dir eine Auszeit.","breadcrumb":{"@id":"https:\/\/www.pravaha-massage.de\/tiefenentspannung\/#breadcrumb"},"inLanguage":"en-US","potentialAction":[{"@type":"ReadAction","target":["https:\/\/www.pravaha-massage.de\/tiefenentspannung\/"]}]},{"@type":"BreadcrumbList","@id":"https:\/\/www.pravaha-massage.de\/tiefenentspannung\/#breadcrumb","itemListElement":[{"@type":"ListItem","position":1,"name":"Home","item":"https:\/\/www.pravaha-massage.de\/"},{"@type":"ListItem","position":2,"name":"Tiefenentspannung"}]},{"@type":"WebSite","@id":"https:\/\/www.pravaha-massage.de\/#website","url":"https:\/\/www.pravaha-massage.de\/","name":"Pravaha Massage M\u00fcnchen","description":"Ayurveda Massage M\u00fcnchen \u2013 Stress abbauen, ganzheitlich erholen: 20 min. Tiefenentsp. wirken wie 4h Schlaf. Termin online buchen &amp; neue Kraft tanken.","publisher":{"@id":"https:\/\/www.pravaha-massage.de\/#\/schema\/person\/d946eb46ef88e144ff2ab320cd87213b"},"potentialAction":[{"@type":"SearchAction","target":{"@type":"EntryPoint","urlTemplate":"https:\/\/www.pravaha-massage.de\/?s={search_term_string}"},"query-input":{"@type":"PropertyValueSpecification","valueRequired":true,"valueName":"search_term_string"}}],"inLanguage":"en-US"},{"@type":["Person","Organization"],"@id":"https:\/\/www.pravaha-massage.de\/#\/schema\/person\/d946eb46ef88e144ff2ab320cd87213b","name":"Flavio76","image":{"@type":"ImageObject","inLanguage":"en-US","@id":"https:\/\/www.pravaha-massage.de\/wp-content\/uploads\/2024\/10\/Flavio-Redlich-Pravaha-Massage-Munchen.jpg","url":"https:\/\/www.pravaha-massage.de\/wp-content\/uploads\/2024\/10\/Flavio-Redlich-Pravaha-Massage-Munchen.jpg","contentUrl":"https:\/\/www.pravaha-massage.de\/wp-content\/uploads\/2024\/10\/Flavio-Redlich-Pravaha-Massage-Munchen.jpg","width":1600,"height":1322,"caption":"Flavio76"},"logo":{"@id":"https:\/\/www.pravaha-massage.de\/wp-content\/uploads\/2024\/10\/Flavio-Redlich-Pravaha-Massage-Munchen.jpg"},"sameAs":["https:\/\/www.pravaha-massage.de"]}]}},"_links":{"self":[{"href":"https:\/\/www.pravaha-massage.de\/en\/wp-json\/wp\/v2\/pages\/21214","targetHints":{"allow":["GET"]}}],"collection":[{"href":"https:\/\/www.pravaha-massage.de\/en\/wp-json\/wp\/v2\/pages"}],"about":[{"href":"https:\/\/www.pravaha-massage.de\/en\/wp-json\/wp\/v2\/types\/page"}],"author":[{"embeddable":true,"href":"https:\/\/www.pravaha-massage.de\/en\/wp-json\/wp\/v2\/users\/2"}],"replies":[{"embeddable":true,"href":"https:\/\/www.pravaha-massage.de\/en\/wp-json\/wp\/v2\/comments?post=21214"}],"version-history":[{"count":0,"href":"https:\/\/www.pravaha-massage.de\/en\/wp-json\/wp\/v2\/pages\/21214\/revisions"}],"wp:attachment":[{"href":"https:\/\/www.pravaha-massage.de\/en\/wp-json\/wp\/v2\/media?parent=21214"}],"curies":[{"name":"wp","href":"https:\/\/api.w.org\/{rel}","templated":true}]}}