{"id":21209,"date":"2014-09-01T18:22:58","date_gmt":"2014-09-01T18:22:58","guid":{"rendered":"http:\/\/pravaha-massage.de\/?page_id=21209"},"modified":"2026-02-15T10:48:44","modified_gmt":"2026-02-15T09:48:44","slug":"sesamoel","status":"publish","type":"page","link":"https:\/\/www.pravaha-massage.de\/en\/sesamoel\/","title":{"rendered":"Sesame Oil"},"content":{"rendered":"<section class=\"wpb-content-wrapper\"><div class=\"clearboth\"><\/div><\/div><\/div><\/div><div   data-intro-effect=\"false\" class=\"page-section-1  expandable-false fullwidth-true section-expandable-false full-height-false mk-background-stretch  mk-video-holder mk-page-section parallax-false\" data-direction=\"vertical\"><div class=\"bg-layer clip\"><div  class=\"mk-video-color-mask\"><\/div><div class=\"scroll-layer mk-background-stretch\" style=\"background-image:url(https:\/\/www.pravaha-massage.de\/wp-content\/uploads\/2014\/09\/ayurveda-massage-muenchen-hautpflege-sesamoel-2.jpg); \"  css-attach=\"scroll\" data-attach=\"scroll\"><\/div><\/div><div class=\"page-section-fullwidth vc_row-fluid page-section-content expandable-false\"><div class=\"mk-padding-wrapper\">\n\t<div style=\"\" class=\"vc_col-sm-12 wpb_column column_container\">\n\t\t\t\n\t<\/div><\/div><div class=\"clearboth\"><\/div><\/div><div class=\"clearboth\"><\/div><\/div><div class=\"mk-main-wrapper-holder\"><div class=\"theme-page-wrapper full-layout mk-grid vc_row-fluid no-padding\"><div class=\"theme-content no-padding\"><div class=\"clearboth\"><\/div><\/div><\/div><\/div><div   data-intro-effect=\"false\" class=\"page-section-2  expandable-false fullwidth-false section-expandable-false full-height-false  mk-video-holder mk-page-section parallax-false\" data-direction=\"vertical\"><div class=\"bg-layer clip\"><div  class=\"mk-video-color-mask\"><\/div><div class=\"scroll-layer\" style=\"\"  css-attach=\"scroll\" data-attach=\"scroll\"><\/div><\/div><div class=\"mk-grid vc_row-fluid page-section-content expandable-false\"><div class=\"mk-padding-wrapper\">\n\t<div style=\"\" class=\"vc_col-sm-2 wpb_column column_container\">\n\t\t\t\n\t<\/div>\n\t<div style=\"\" class=\"vc_col-sm-8 wpb_column column_container\">\n\t\t\t<h3  style=\"font-size: 14px;text-align:left;line-height:24px;letter-spacing:0px;color: #393836;font-weight:inherit;margin-bottom:10px; margin-top:10px; \" id=\"fancy-title-3\" class=\"mk-fancy-title responsive-align-center simple-title left-align  mk-animate-element scale-up\"><span class=\"fancy-title-span pointed\" >\n<h1 style=\"text-align: center;\">Sesame Oil<\/h1>\n<\/span><\/h3><div class=\"clearboth\"><\/div><div class=\"mk-shortcode mk-padding-shortcode\" style=\"height:20px\"><\/div><div class=\"clearboth\"><\/div><div class=\"mk-text-block responsive-align-center   mk-animate-element scale-up\"><p style=\"text-align: center;\"><strong>Perfect for Skin care &amp; Detoxification<\/strong><\/p>\n<div class=\"clearboth\"><\/div><\/div> <div class=\"mk-text-block responsive-align-center   mk-animate-element scale-up\"><p style=\"text-align: center;\">Sesame oil is one of humanity's first cultivated plants and probably the oldest oil plant \u2013 in India, it is the most widely used skin care oil and serves as the base oil for all Ayurvedic massages. At the\u00a0<em>Pravaha Massage M\u00fcnchen <\/em>gently matured sesame oil from certified organic cultivation is used.<em> Matured<\/em> means, that the oil is briefly heated during the ripening process so that it opens up and becomes more fluid. This allows it to be absorbed more easily into the skin and unfold its effects even more effectively.<\/p>\n<p style=\"text-align: center;\">And this effect is enormous and multifaceted:<\/p>\n<p>&nbsp;<\/p>\n<p style=\"text-align: center;\"><strong>Detox treatment for the skin<br \/>\n<\/strong><\/p>\n<p style=\"text-align: center;\">Regular application of sesame oil (approx. 2-3 times per week) is an effective detoxification treatment for our largest respiratory organ: the skin. This is because sesame oil activates the metabolism and promotes the skin's excretory function. Once the oil has been absorbed into the tissue (approx. 10-15 minutes), it absorbs waste products, which are then washed away during a subsequent shower or bath. This detoxifies the skin and allows it to breathe again.<\/p>\n<p>&nbsp;<\/p>\n<p style=\"text-align: center;\"><strong>Anti-Aging Effect<\/strong><\/p>\n<p style=\"text-align: center;\">Sesame oil is a real beauty booster: it rejuvenates cell metabolism and reduces premature skin aging. It does this by preventing oxidation processes and supporting collagen binding through vitamins and fat-accompanying substances (sesamol &amp; sesamolin). This provides lasting protection for the cells, tightens the skin and prevents cellulite thanks to the included antioxidants.<\/p>\n<p>&nbsp;<\/p>\n<p style=\"text-align: center;\"><strong>Stimulating and performance-enhancing<\/strong><\/p>\n<p style=\"text-align: center;\">In general, sesame oil has a warming effect, stimulates circulation and promotes blood flow. This is because the linoleic acid it contains supports the cardiovascular system. Furthermore, the oleic acid aids digestion by stimulating bile secretion and the high lecithin content improves memory performance.<\/p>\n<p>&nbsp;<\/p>\n<p style=\"text-align: center;\"><strong>Silky-smooth skin<\/strong><\/p>\n<p style=\"text-align: center;\">Many people want smooth, soft skin and often rely on expensive pharmaceutical products. However, nature offers a cheaper and, above all, more effective remedy: sesame oil opens the pores, creates a uniform complexion and makes the skin supple and elastic again.<\/p>\n<div class=\"clearboth\"><\/div><\/div> \n\t<\/div>\n\t<div style=\"\" class=\"vc_col-sm-2 wpb_column column_container\">\n\t\t\t\n\t<\/div><\/div><div class=\"clearboth\"><\/div><\/div><div class=\"clearboth\"><\/div><\/div><div class=\"mk-main-wrapper-holder\"><div class=\"theme-page-wrapper full-layout mk-grid vc_row-fluid no-padding\"><div class=\"theme-content no-padding\"><div class=\"clearboth\"><\/div><\/div><\/div><\/div><div   data-intro-effect=\"false\" class=\"page-section-4  expandable-false fullwidth-true section-expandable-false full-height-false mk-background-stretch  mk-video-holder mk-page-section parallax-false\" data-direction=\"vertical\"><div class=\"bg-layer clip\"><div  class=\"mk-video-color-mask\"><\/div><div class=\"scroll-layer mk-background-stretch\" style=\"background-image:url(https:\/\/www.pravaha-massage.de\/wp-content\/uploads\/2014\/09\/ayurveda-massage-muenchen-hautpflege-sesamoel.jpg); \"  css-attach=\"scroll\" data-attach=\"scroll\"><\/div><\/div><div class=\"page-section-fullwidth vc_row-fluid page-section-content expandable-false\"><div class=\"mk-padding-wrapper\">\n\t<div style=\"\" class=\"vc_col-sm-12 wpb_column column_container\">\n\t\t\t\n\t<\/div><\/div><div class=\"clearboth\"><\/div><\/div><div class=\"clearboth\"><\/div><\/div><div class=\"mk-main-wrapper-holder\"><div class=\"theme-page-wrapper full-layout mk-grid vc_row-fluid no-padding\"><div class=\"theme-content no-padding\"><div   class=\"vc_row wpb_row vc_row-fluid js-master-row  mk-fullwidth-false attched-false\">\n\t<div style=\"\" class=\"vc_col-sm-12 wpb_column column_container\">\n\t\t\t<div class=\"clearboth\"><\/div><div class=\"mk-shortcode mk-padding-shortcode\" style=\"height:20px\"><\/div><div class=\"clearboth\"><\/div>\n\t<\/div><\/div><div class=\"clearboth\"><\/div><\/div><\/div><\/div><div   data-intro-effect=\"false\" class=\"page-section-5  expandable-false fullwidth-false section-expandable-false full-height-false  mk-video-holder mk-page-section parallax-false\" data-direction=\"vertical\"><div class=\"bg-layer clip\"><div  class=\"mk-video-color-mask\"><\/div><div class=\"scroll-layer\" style=\"\"  css-attach=\"scroll\" data-attach=\"scroll\"><\/div><\/div><div class=\"mk-grid vc_row-fluid page-section-content expandable-false\"><div class=\"mk-padding-wrapper\">\n\t<div style=\"\" class=\"vc_col-sm-2 wpb_column column_container\">\n\t\t\t\n\t<\/div>\n\t<div style=\"\" class=\"vc_col-sm-8 wpb_column column_container\">\n\t\t\t<div class=\"mk-text-block responsive-align-center   mk-animate-element scale-up\"><h3 style=\"text-align: center;\"><span style=\"color: #d88540;\"><strong><em>Practice<\/em><\/strong><\/span><\/h3>\n<p style=\"text-align: center;\">After a massage, allow the sesame oil to soak in and then shower off at home using mild soap. This will flush out toxins and leave a protective, light film of oil on the skin. For private use, gently massage the oil into the skin, allow it to soak in for 10-15 minutes and then shower or bathe.<\/p>\n<p style=\"text-align: center;\"><strong>Pleases note:<\/strong><br \/>\n<em>Daily use is not recommended in most cases, as the skin will otherwise become accustomed to the high fat content of sesame oil.<\/em><\/p>\n<p style=\"text-align: center;\"><em>To achieve optimal results, most skin types require\u00a0<strong>1-2 applications per week<\/strong>\u00a0\u2013 as a detoxifying and nourishing skin treatment.<\/em><\/p>\n<div class=\"clearboth\"><\/div><\/div> <div class=\"clearboth\"><\/div><div class=\"mk-shortcode mk-padding-shortcode\" style=\"height:60px\"><\/div><div class=\"clearboth\"><\/div><div class=\"mk-text-block responsive-align-center   mk-animate-element scale-up\"><h3 style=\"text-align: center;\">\u00a0<span style=\"color: #d88540;\"><strong><em>Other areas of application<\/em><\/strong><\/span><\/h3>\n<p style=\"text-align: center;\"><strong>Mouth rinsing: \u201coil pulling\u201d<\/strong><\/p>\n<p style=\"text-align: center;\">In the morning, take a sip of mature sesame oil on an empty stomach, swish it around in your mouth, pull it through the spaces between your teeth and spit it out again after about 10-15 minutes \u2013 do not swallow it, as the oil absorbs bacteria, viruses and fungi from the oral mucosa. In addition to a cleansing, detoxifying effect on the entire body, teeth and gums also benefit from this procedure. This is because sesame oil contains a lot of calcium. It reduces plaque and bad breath, strengthens the gums and prevents tooth decay. Oil pulling can also have positive effects as a supportive treatment for chronic diseases such as arthritis, migraines and heart disease.<\/p>\n<p style=\"text-align: center;\"><strong><br \/>\nA little tip for the \u201clittle ones\u201d<\/strong><\/p>\n<p style=\"text-align: center;\">Sesame oil is ideal for baby skin. It provides gentle and effective relief for irritated, inflamed skin and other skin irritations \u2013 it alleviates acute symptoms, has a cooling effect and does not clog pores. Sesame oil is also excellent for removing cradle cap: rub it into your baby's scalp, leave it on for two to three hours and then wash it out with a mild shampoo.<\/p>\n<div class=\"clearboth\"><\/div><\/div> \n\t<\/div>\n\t<div style=\"\" class=\"vc_col-sm-2 wpb_column column_container\">\n\t\t\t\n\t<\/div><\/div><div class=\"clearboth\"><\/div><\/div><div class=\"clearboth\"><\/div><\/div><div class=\"mk-main-wrapper-holder\"><div class=\"theme-page-wrapper full-layout mk-grid vc_row-fluid no-padding\"><div class=\"theme-content no-padding\"><div class=\"clearboth\"><\/div><\/div><\/div><\/div><div   data-intro-effect=\"false\" class=\"page-section-6  expandable-false fullwidth-false section-expandable-false full-height-false  mk-video-holder mk-page-section parallax-false\" data-direction=\"vertical\"><div class=\"bg-layer clip\"><div  class=\"mk-video-color-mask\"><\/div><div class=\"scroll-layer\" style=\"\"  css-attach=\"scroll\" data-attach=\"scroll\"><\/div><\/div><div class=\"mk-grid vc_row-fluid page-section-content expandable-false\"><div class=\"mk-padding-wrapper\">\n\t<div style=\"\" class=\"vc_col-sm-4 wpb_column column_container\">\n\t\t\t\n\t<\/div>\n\t<div style=\"\" class=\"vc_col-sm-4 wpb_column column_container\">\n\t\t\t<div class=\"clearboth\"><\/div><div class=\"mk-shortcode mk-padding-shortcode\" style=\"height:20px\"><\/div><div class=\"clearboth\"><\/div><div class=\"mk-text-block responsive-align-center   mk-animate-element scale-up\"><h3 style=\"text-align: center;\"><span style=\"color: #ffffff;\"><strong><em>Main advantages<\/em><\/strong><\/span><\/h3>\n<p style=\"text-align: center;\"><span style=\"color: #ffffff;\"><strong><br \/>\n<\/strong><strong>Silky-smooth skin<br \/>\n<\/strong>The pores are opened and the complexion becomes uniform again.<\/span><\/p>\n<p style=\"text-align: center;\"><span style=\"color: #ffffff;\"><strong><br \/>\nAnti-Aging Effect<br \/>\n<\/strong>The skin is tightened and antioxidants prevent skin aging.<\/span><\/p>\n<p style=\"text-align: center;\"><span style=\"color: #ffffff;\"><strong><br \/>\nDetoxification<br \/>\n<\/strong>\u00a0Metabolism is activated: waste products are bound and then flushed out in the shower.<\/span><\/p>\n<div class=\"clearboth\"><\/div><\/div> \n\t<\/div>\n\t<div style=\"\" class=\"vc_col-sm-4 wpb_column column_container\">\n\t\t\t\n\t<\/div><\/div><div class=\"clearboth\"><\/div><\/div><div class=\"clearboth\"><\/div><\/div><div class=\"mk-main-wrapper-holder\"><div class=\"theme-page-wrapper full-layout mk-grid vc_row-fluid no-padding\"><div class=\"theme-content no-padding\">\n<\/section><\/section><\/section>","protected":false},"excerpt":{"rendered":"Sesam\u00f6l Ideal f\u00fcr Hautpflege &amp; Entgiftung Sesam\u00f6l ist eine der ersten Kulturpflanzen der Menschheit und wahrscheinlich die \u00e4lteste \u00d6lpflanze \u2013 in Indien ist es das meistbenutzte Hautpflege\u00f6l und dient bei allen Ayurveda Massagen als Basis\u00f6l. Bei der\u00a0Pravaha Massage M\u00fcnchen wird schonend gereiftes Sesam\u00f6l aus kontrolliert biologischem Anbau verwendet. Gereift bedeutet, dass das \u00d6l beim Reifeprozess [...]","protected":false},"author":2,"featured_media":0,"parent":0,"menu_order":0,"comment_status":"open","ping_status":"open","template":"","meta":{"footnotes":""},"class_list":["post-21209","page","type-page","status-publish","hentry"],"yoast_head":"<!-- This site is optimized with the Yoast SEO plugin v27.4 - https:\/\/yoast.com\/product\/yoast-seo-wordpress\/ -->\n<title>Pravaha-Massage-M\u00fcnchen | Sesam\u00f6l<\/title>\n<meta name=\"description\" content=\"Biodynamische Sesam\u00f6l \u00f6ffnet Poren, strafft die Haut, beugt Alterung durch Antioxidantien vor, aktiviert Stoffwechsel (Entgiftung), wirkt kreislaufanregend.\" \/>\n<meta name=\"robots\" content=\"index, follow, max-snippet:-1, max-image-preview:large, max-video-preview:-1\" \/>\n<link rel=\"canonical\" href=\"https:\/\/www.pravaha-massage.de\/en\/sesamoel\/\" \/>\n<meta property=\"og:locale\" content=\"en_US\" \/>\n<meta property=\"og:type\" content=\"article\" \/>\n<meta property=\"og:title\" content=\"Pravaha-Massage-M\u00fcnchen | Sesam\u00f6l\" \/>\n<meta property=\"og:description\" content=\"Biodynamische Sesam\u00f6l \u00f6ffnet Poren, strafft die Haut, beugt Alterung durch Antioxidantien vor, aktiviert Stoffwechsel (Entgiftung), wirkt kreislaufanregend.\" \/>\n<meta property=\"og:url\" content=\"https:\/\/www.pravaha-massage.de\/en\/sesamoel\/\" \/>\n<meta property=\"og:site_name\" content=\"Pravaha Massage M\u00fcnchen\" \/>\n<meta property=\"article:modified_time\" content=\"2026-02-15T09:48:44+00:00\" \/>\n<meta property=\"og:image\" content=\"https:\/\/www.pravaha-massage.de\/wp-content\/uploads\/2021\/11\/Pravaha-Massage-Munchen-Header-1.jpg\" \/>\n\t<meta property=\"og:image:width\" content=\"1920\" \/>\n\t<meta property=\"og:image:height\" content=\"1080\" \/>\n\t<meta property=\"og:image:type\" content=\"image\/jpeg\" \/>\n<meta name=\"twitter:card\" content=\"summary_large_image\" \/>\n<meta name=\"twitter:label1\" content=\"Est. reading time\" \/>\n\t<meta name=\"twitter:data1\" content=\"4 minutes\" \/>\n<script type=\"application\/ld+json\" class=\"yoast-schema-graph\">{\"@context\":\"https:\\\/\\\/schema.org\",\"@graph\":[{\"@type\":\"WebPage\",\"@id\":\"https:\\\/\\\/www.pravaha-massage.de\\\/sesamoel\\\/\",\"url\":\"https:\\\/\\\/www.pravaha-massage.de\\\/sesamoel\\\/\",\"name\":\"Pravaha-Massage-M\u00fcnchen | Sesam\u00f6l\",\"isPartOf\":{\"@id\":\"https:\\\/\\\/www.pravaha-massage.de\\\/#website\"},\"datePublished\":\"2014-09-01T18:22:58+00:00\",\"dateModified\":\"2026-02-15T09:48:44+00:00\",\"description\":\"Biodynamische Sesam\u00f6l \u00f6ffnet Poren, strafft die Haut, beugt Alterung durch Antioxidantien vor, aktiviert Stoffwechsel (Entgiftung), wirkt kreislaufanregend.\",\"breadcrumb\":{\"@id\":\"https:\\\/\\\/www.pravaha-massage.de\\\/sesamoel\\\/#breadcrumb\"},\"inLanguage\":\"en-US\",\"potentialAction\":[{\"@type\":\"ReadAction\",\"target\":[\"https:\\\/\\\/www.pravaha-massage.de\\\/sesamoel\\\/\"]}]},{\"@type\":\"BreadcrumbList\",\"@id\":\"https:\\\/\\\/www.pravaha-massage.de\\\/sesamoel\\\/#breadcrumb\",\"itemListElement\":[{\"@type\":\"ListItem\",\"position\":1,\"name\":\"Home\",\"item\":\"https:\\\/\\\/www.pravaha-massage.de\\\/\"},{\"@type\":\"ListItem\",\"position\":2,\"name\":\"Sesam\u00f6l\"}]},{\"@type\":\"WebSite\",\"@id\":\"https:\\\/\\\/www.pravaha-massage.de\\\/#website\",\"url\":\"https:\\\/\\\/www.pravaha-massage.de\\\/\",\"name\":\"Pravaha Massage M\u00fcnchen\",\"description\":\"Ayurveda Massage M\u00fcnchen \u2013 Stress abbauen, ganzheitlich erholen: 20 min. Tiefenentsp. wirken wie 4h Schlaf. Termin online buchen &amp; neue Kraft tanken.\",\"publisher\":{\"@id\":\"https:\\\/\\\/www.pravaha-massage.de\\\/#\\\/schema\\\/person\\\/d946eb46ef88e144ff2ab320cd87213b\"},\"potentialAction\":[{\"@type\":\"SearchAction\",\"target\":{\"@type\":\"EntryPoint\",\"urlTemplate\":\"https:\\\/\\\/www.pravaha-massage.de\\\/?s={search_term_string}\"},\"query-input\":{\"@type\":\"PropertyValueSpecification\",\"valueRequired\":true,\"valueName\":\"search_term_string\"}}],\"inLanguage\":\"en-US\"},{\"@type\":[\"Person\",\"Organization\"],\"@id\":\"https:\\\/\\\/www.pravaha-massage.de\\\/#\\\/schema\\\/person\\\/d946eb46ef88e144ff2ab320cd87213b\",\"name\":\"Flavio76\",\"image\":{\"@type\":\"ImageObject\",\"inLanguage\":\"en-US\",\"@id\":\"https:\\\/\\\/www.pravaha-massage.de\\\/wp-content\\\/uploads\\\/2024\\\/10\\\/Flavio-Redlich-Pravaha-Massage-Munchen.jpg\",\"url\":\"https:\\\/\\\/www.pravaha-massage.de\\\/wp-content\\\/uploads\\\/2024\\\/10\\\/Flavio-Redlich-Pravaha-Massage-Munchen.jpg\",\"contentUrl\":\"https:\\\/\\\/www.pravaha-massage.de\\\/wp-content\\\/uploads\\\/2024\\\/10\\\/Flavio-Redlich-Pravaha-Massage-Munchen.jpg\",\"width\":1600,\"height\":1322,\"caption\":\"Flavio76\"},\"logo\":{\"@id\":\"https:\\\/\\\/www.pravaha-massage.de\\\/wp-content\\\/uploads\\\/2024\\\/10\\\/Flavio-Redlich-Pravaha-Massage-Munchen.jpg\"},\"sameAs\":[\"https:\\\/\\\/www.pravaha-massage.de\"]}]}<\/script>\n<!-- \/ Yoast SEO plugin. -->","yoast_head_json":{"title":"Pravaha-Massage-M\u00fcnchen | Sesam\u00f6l","description":"Biodynamische Sesam\u00f6l \u00f6ffnet Poren, strafft die Haut, beugt Alterung durch Antioxidantien vor, aktiviert Stoffwechsel (Entgiftung), wirkt kreislaufanregend.","robots":{"index":"index","follow":"follow","max-snippet":"max-snippet:-1","max-image-preview":"max-image-preview:large","max-video-preview":"max-video-preview:-1"},"canonical":"https:\/\/www.pravaha-massage.de\/en\/sesamoel\/","og_locale":"en_US","og_type":"article","og_title":"Pravaha-Massage-M\u00fcnchen | Sesam\u00f6l","og_description":"Biodynamische Sesam\u00f6l \u00f6ffnet Poren, strafft die Haut, beugt Alterung durch Antioxidantien vor, aktiviert Stoffwechsel (Entgiftung), wirkt kreislaufanregend.","og_url":"https:\/\/www.pravaha-massage.de\/en\/sesamoel\/","og_site_name":"Pravaha Massage M\u00fcnchen","article_modified_time":"2026-02-15T09:48:44+00:00","og_image":[{"width":1920,"height":1080,"url":"https:\/\/www.pravaha-massage.de\/wp-content\/uploads\/2021\/11\/Pravaha-Massage-Munchen-Header-1.jpg","type":"image\/jpeg"}],"twitter_card":"summary_large_image","twitter_misc":{"Est. reading time":"4 minutes"},"schema":{"@context":"https:\/\/schema.org","@graph":[{"@type":"WebPage","@id":"https:\/\/www.pravaha-massage.de\/sesamoel\/","url":"https:\/\/www.pravaha-massage.de\/sesamoel\/","name":"Pravaha-Massage-M\u00fcnchen | Sesam\u00f6l","isPartOf":{"@id":"https:\/\/www.pravaha-massage.de\/#website"},"datePublished":"2014-09-01T18:22:58+00:00","dateModified":"2026-02-15T09:48:44+00:00","description":"Biodynamische Sesam\u00f6l \u00f6ffnet Poren, strafft die Haut, beugt Alterung durch Antioxidantien vor, aktiviert Stoffwechsel (Entgiftung), wirkt kreislaufanregend.","breadcrumb":{"@id":"https:\/\/www.pravaha-massage.de\/sesamoel\/#breadcrumb"},"inLanguage":"en-US","potentialAction":[{"@type":"ReadAction","target":["https:\/\/www.pravaha-massage.de\/sesamoel\/"]}]},{"@type":"BreadcrumbList","@id":"https:\/\/www.pravaha-massage.de\/sesamoel\/#breadcrumb","itemListElement":[{"@type":"ListItem","position":1,"name":"Home","item":"https:\/\/www.pravaha-massage.de\/"},{"@type":"ListItem","position":2,"name":"Sesam\u00f6l"}]},{"@type":"WebSite","@id":"https:\/\/www.pravaha-massage.de\/#website","url":"https:\/\/www.pravaha-massage.de\/","name":"Pravaha Massage M\u00fcnchen","description":"Ayurveda Massage M\u00fcnchen \u2013 Stress abbauen, ganzheitlich erholen: 20 min. Tiefenentsp. wirken wie 4h Schlaf. Termin online buchen &amp; neue Kraft tanken.","publisher":{"@id":"https:\/\/www.pravaha-massage.de\/#\/schema\/person\/d946eb46ef88e144ff2ab320cd87213b"},"potentialAction":[{"@type":"SearchAction","target":{"@type":"EntryPoint","urlTemplate":"https:\/\/www.pravaha-massage.de\/?s={search_term_string}"},"query-input":{"@type":"PropertyValueSpecification","valueRequired":true,"valueName":"search_term_string"}}],"inLanguage":"en-US"},{"@type":["Person","Organization"],"@id":"https:\/\/www.pravaha-massage.de\/#\/schema\/person\/d946eb46ef88e144ff2ab320cd87213b","name":"Flavio76","image":{"@type":"ImageObject","inLanguage":"en-US","@id":"https:\/\/www.pravaha-massage.de\/wp-content\/uploads\/2024\/10\/Flavio-Redlich-Pravaha-Massage-Munchen.jpg","url":"https:\/\/www.pravaha-massage.de\/wp-content\/uploads\/2024\/10\/Flavio-Redlich-Pravaha-Massage-Munchen.jpg","contentUrl":"https:\/\/www.pravaha-massage.de\/wp-content\/uploads\/2024\/10\/Flavio-Redlich-Pravaha-Massage-Munchen.jpg","width":1600,"height":1322,"caption":"Flavio76"},"logo":{"@id":"https:\/\/www.pravaha-massage.de\/wp-content\/uploads\/2024\/10\/Flavio-Redlich-Pravaha-Massage-Munchen.jpg"},"sameAs":["https:\/\/www.pravaha-massage.de"]}]}},"_links":{"self":[{"href":"https:\/\/www.pravaha-massage.de\/en\/wp-json\/wp\/v2\/pages\/21209","targetHints":{"allow":["GET"]}}],"collection":[{"href":"https:\/\/www.pravaha-massage.de\/en\/wp-json\/wp\/v2\/pages"}],"about":[{"href":"https:\/\/www.pravaha-massage.de\/en\/wp-json\/wp\/v2\/types\/page"}],"author":[{"embeddable":true,"href":"https:\/\/www.pravaha-massage.de\/en\/wp-json\/wp\/v2\/users\/2"}],"replies":[{"embeddable":true,"href":"https:\/\/www.pravaha-massage.de\/en\/wp-json\/wp\/v2\/comments?post=21209"}],"version-history":[{"count":0,"href":"https:\/\/www.pravaha-massage.de\/en\/wp-json\/wp\/v2\/pages\/21209\/revisions"}],"wp:attachment":[{"href":"https:\/\/www.pravaha-massage.de\/en\/wp-json\/wp\/v2\/media?parent=21209"}],"curies":[{"name":"wp","href":"https:\/\/api.w.org\/{rel}","templated":true}]}}